{"id":68,"date":"2013-08-22T15:34:01","date_gmt":"2013-08-22T15:34:01","guid":{"rendered":"http:\/\/www.hof-rehring.de\/wordpress\/?page_id=68"},"modified":"2016-03-12T09:41:27","modified_gmt":"2016-03-12T09:41:27","slug":"historie","status":"publish","type":"page","link":"https:\/\/www.hof-rehring.de\/wordpress\/historie\/","title":{"rendered":"Historie"},"content":{"rendered":"<p><a href=\"http:\/\/www.hof-rehring.de\/wordpress\/wp-content\/uploads\/2013\/08\/IMG_0775.jpg\" target=\"_blank\"><img loading=\"lazy\" decoding=\"async\" class=\"alignleft size-thumbnail wp-image-239\" src=\"http:\/\/www.hof-rehring.de\/wordpress\/wp-content\/uploads\/2013\/08\/IMG_0775-150x150.jpg\" alt=\"IMG_0775\" width=\"150\" height=\"150\" \/><\/a><\/p>\n<div style=\"text-align: justify;\">In der Bauernschaft Ramsberg reihen sich <strong>historische H\u00f6fe<\/strong> entlang der Vechte. Hier liegt auch der geschichtstr\u00e4chtige Bauernhof Rehring. Der <strong>Hof Rehring<\/strong> wird erstmals <strong>1721<\/strong> in einer Urkunde genannt: Es war der Joan Henrich Rehring, der mit seiner Frau Elisabeth Hauster in einem \u201eFreykotten\u201c mit einigen Morgen Eigenland auf der \u201eOvelg\u00f6nne\u201c wohnte. Er selbst arbeitet als Gro\u00dfknecht beim Obervogt Potthoff, der die L\u00e4ndereien der Ovelg\u00f6nne in Pacht hat. 1764 verzichtet Potthoff auf eine Verl\u00e4ngerung der Pachtzeit und der Sohn Joan Herm Rehring bekommt die Overkempingshove in Erbpacht f\u00fcr zun\u00e4chst 8 Jahre. Nach einer Urkunde aus dem Jahr 1767 erh\u00e4lt der Joan Herm Rehring die Erlaubnis, ein neues Haus zu bauen. Im Zuge der sogenannten \u201eBauernbefreiung\u201c \u2013 es war die Abl\u00f6sung der jahrhundertealten gutsherrlichen Lasten \u2013 wurde am 8. M\u00e4rz 1851 der Joan Henrich Rehring durch Zahlung eines \u201eAbl\u00f6se-Kapitals\u201c Eigent\u00fcmer der seit 130 Jahren angepachteten Overkempingshove. Daneben hatte die Familie Rehring auch einen gro\u00dfen Teil der L\u00e4ndereien des Guts Ovelg\u00f6nne in Pacht. Diese wurden am 5.8.1857 von Joan Herm Rehring gekauft. Nun gab es keine Bevormundung mehr und die Familie Rehring konnte den Hof nach eigenem Ermessen bewirtschaften, gestalten und \u00fcber das gesamte Erbe verf\u00fcgen.<br \/>\n<a href=\"http:\/\/www.hof-rehring.de\/wordpress\/wp-content\/uploads\/2013\/08\/IMG_0777.jpg\" target=\"_blank\"><img loading=\"lazy\" decoding=\"async\" class=\"alignright size-thumbnail wp-image-240\" src=\"http:\/\/www.hof-rehring.de\/wordpress\/wp-content\/uploads\/2013\/08\/IMG_0777-150x150.jpg\" alt=\"IMG_0777\" width=\"150\" height=\"150\" \/><\/a><br \/>\nDas <strong>heutige Hauptgeb\u00e4ude des Bauernhofs<\/strong> ist <strong>1893<\/strong> erbaut worden. 1937 wurde das Bauernhaus bei einem Brand teilweise besch\u00e4digt, sodass die Dachkonstruktion erneuert werden musste. Die weiteren Geb\u00e4ude des Hofes entstanden in den Jahren 1931 und 1936. Seit <strong>2013<\/strong> wurde ein Teil des Bauernhofs aufwendig und zu einem <strong>exklusiven Bauernhaus<\/strong> umgebaut. Weitere Geb\u00e4ude folgten 2014, wobei das <strong>historische Erscheinungsbild, hohe Qualit\u00e4t und eine stilvolle Art<\/strong> h\u00f6chste Priorit\u00e4t haben. Die Bewohner des Hofes Rehring pflegen seit ann\u00e4hernd 300 Jahren und 10 Generationen, mit Heimatverbundenheit und viel Liebe, das jahrhundertealte altv\u00e4terliche Erbe \u2013 im Schatten der alten Eichen und Buchen und umgeben von den leise im Westwind rauschenden Korn- und Maisfeldern in der Bauernschaft Ramsberg.<br \/>\n<a href=\"http:\/\/www.hof-rehring.de\/wordpress\/wp-content\/uploads\/2013\/08\/zeichnung.jpg\" target=\"_blank\"><img loading=\"lazy\" decoding=\"async\" class=\"aligncenter size-medium wp-image-241\" src=\"http:\/\/www.hof-rehring.de\/wordpress\/wp-content\/uploads\/2013\/08\/zeichnung-300x199.jpg\" alt=\"zeichnung\" width=\"300\" height=\"199\" srcset=\"https:\/\/www.hof-rehring.de\/wordpress\/wp-content\/uploads\/2013\/08\/zeichnung-300x199.jpg 300w, https:\/\/www.hof-rehring.de\/wordpress\/wp-content\/uploads\/2013\/08\/zeichnung-1024x679.jpg 1024w, https:\/\/www.hof-rehring.de\/wordpress\/wp-content\/uploads\/2013\/08\/zeichnung-624x413.jpg 624w, https:\/\/www.hof-rehring.de\/wordpress\/wp-content\/uploads\/2013\/08\/zeichnung.jpg 1200w\" sizes=\"auto, (max-width: 300px) 100vw, 300px\" \/><\/a><\/div>\n","protected":false},"excerpt":{"rendered":"<p>In der Bauernschaft Ramsberg reihen sich historische H\u00f6fe entlang der Vechte. Hier liegt auch der geschichtstr\u00e4chtige Bauernhof Rehring. Der Hof Rehring wird erstmals 1721 in einer Urkunde genannt: Es war der Joan Henrich Rehring, der mit seiner Frau Elisabeth Hauster in einem \u201eFreykotten\u201c mit einigen Morgen Eigenland auf der \u201eOvelg\u00f6nne\u201c wohnte. Er selbst arbeitet als [&hellip;]<\/p>\n","protected":false},"author":1,"featured_media":0,"parent":0,"menu_order":5,"comment_status":"closed","ping_status":"closed","template":"","meta":{"footnotes":""},"class_list":["post-68","page","type-page","status-publish","hentry"],"yoast_head":"<!-- This site is optimized with the Yoast SEO plugin v19.8 - https:\/\/yoast.com\/wordpress\/plugins\/seo\/ -->\n<title>Historisches Bauernhaus mieten - Hof Rehring<\/title>\n<meta name=\"description\" content=\"Mieten Sie sich auf dem historischen Bauernhof Rehring ein Bauernhaus und erleben Sie ein vollkommen neues Lebensgef\u00fchl.\" \/>\n<meta name=\"robots\" content=\"index, follow, max-snippet:-1, max-image-preview:large, max-video-preview:-1\" \/>\n<link rel=\"canonical\" href=\"https:\/\/www.hof-rehring.de\/wordpress\/historie\/\" \/>\n<meta property=\"og:locale\" content=\"de_DE\" \/>\n<meta property=\"og:type\" content=\"article\" \/>\n<meta property=\"og:title\" content=\"Historisches Bauernhaus mieten - Hof Rehring\" \/>\n<meta property=\"og:description\" content=\"Mieten Sie sich auf dem historischen Bauernhof Rehring ein Bauernhaus und erleben Sie ein vollkommen neues Lebensgef\u00fchl.\" \/>\n<meta property=\"og:url\" content=\"https:\/\/www.hof-rehring.de\/wordpress\/historie\/\" \/>\n<meta property=\"og:site_name\" content=\"Hof Rehring\" \/>\n<meta property=\"article:modified_time\" content=\"2016-03-12T09:41:27+00:00\" \/>\n<meta property=\"og:image\" content=\"http:\/\/www.hof-rehring.de\/wordpress\/wp-content\/uploads\/2013\/08\/IMG_0775-150x150.jpg\" \/>\n<meta name=\"twitter:label1\" content=\"Gesch\u00e4tzte Lesezeit\" \/>\n\t<meta name=\"twitter:data1\" content=\"2\u00a0Minuten\" \/>\n<script type=\"application\/ld+json\" class=\"yoast-schema-graph\">{\"@context\":\"https:\/\/schema.org\",\"@graph\":[{\"@type\":\"WebPage\",\"@id\":\"https:\/\/www.hof-rehring.de\/wordpress\/historie\/\",\"url\":\"https:\/\/www.hof-rehring.de\/wordpress\/historie\/\",\"name\":\"Historisches Bauernhaus mieten - Hof Rehring\",\"isPartOf\":{\"@id\":\"https:\/\/www.hof-rehring.de\/wordpress\/#website\"},\"datePublished\":\"2013-08-22T15:34:01+00:00\",\"dateModified\":\"2016-03-12T09:41:27+00:00\",\"description\":\"Mieten Sie sich auf dem historischen Bauernhof Rehring ein Bauernhaus und erleben Sie ein vollkommen neues Lebensgef\u00fchl.\",\"breadcrumb\":{\"@id\":\"https:\/\/www.hof-rehring.de\/wordpress\/historie\/#breadcrumb\"},\"inLanguage\":\"de\",\"potentialAction\":[{\"@type\":\"ReadAction\",\"target\":[\"https:\/\/www.hof-rehring.de\/wordpress\/historie\/\"]}]},{\"@type\":\"BreadcrumbList\",\"@id\":\"https:\/\/www.hof-rehring.de\/wordpress\/historie\/#breadcrumb\",\"itemListElement\":[{\"@type\":\"ListItem\",\"position\":1,\"name\":\"Home\",\"item\":\"https:\/\/www.hof-rehring.de\/wordpress\/\"},{\"@type\":\"ListItem\",\"position\":2,\"name\":\"Historie\"}]},{\"@type\":\"WebSite\",\"@id\":\"https:\/\/www.hof-rehring.de\/wordpress\/#website\",\"url\":\"https:\/\/www.hof-rehring.de\/wordpress\/\",\"name\":\"Hof Rehring\",\"description\":\"L\u00e4ndliches Wohnen in bester Lage\",\"potentialAction\":[{\"@type\":\"SearchAction\",\"target\":{\"@type\":\"EntryPoint\",\"urlTemplate\":\"https:\/\/www.hof-rehring.de\/wordpress\/?s={search_term_string}\"},\"query-input\":\"required name=search_term_string\"}],\"inLanguage\":\"de\"}]}<\/script>\n<!-- \/ Yoast SEO plugin. -->","yoast_head_json":{"title":"Historisches Bauernhaus mieten - Hof Rehring","description":"Mieten Sie sich auf dem historischen Bauernhof Rehring ein Bauernhaus und erleben Sie ein vollkommen neues Lebensgef\u00fchl.","robots":{"index":"index","follow":"follow","max-snippet":"max-snippet:-1","max-image-preview":"max-image-preview:large","max-video-preview":"max-video-preview:-1"},"canonical":"https:\/\/www.hof-rehring.de\/wordpress\/historie\/","og_locale":"de_DE","og_type":"article","og_title":"Historisches Bauernhaus mieten - Hof Rehring","og_description":"Mieten Sie sich auf dem historischen Bauernhof Rehring ein Bauernhaus und erleben Sie ein vollkommen neues Lebensgef\u00fchl.","og_url":"https:\/\/www.hof-rehring.de\/wordpress\/historie\/","og_site_name":"Hof Rehring","article_modified_time":"2016-03-12T09:41:27+00:00","og_image":[{"url":"http:\/\/www.hof-rehring.de\/wordpress\/wp-content\/uploads\/2013\/08\/IMG_0775-150x150.jpg"}],"twitter_misc":{"Gesch\u00e4tzte Lesezeit":"2\u00a0Minuten"},"schema":{"@context":"https:\/\/schema.org","@graph":[{"@type":"WebPage","@id":"https:\/\/www.hof-rehring.de\/wordpress\/historie\/","url":"https:\/\/www.hof-rehring.de\/wordpress\/historie\/","name":"Historisches Bauernhaus mieten - Hof Rehring","isPartOf":{"@id":"https:\/\/www.hof-rehring.de\/wordpress\/#website"},"datePublished":"2013-08-22T15:34:01+00:00","dateModified":"2016-03-12T09:41:27+00:00","description":"Mieten Sie sich auf dem historischen Bauernhof Rehring ein Bauernhaus und erleben Sie ein vollkommen neues Lebensgef\u00fchl.","breadcrumb":{"@id":"https:\/\/www.hof-rehring.de\/wordpress\/historie\/#breadcrumb"},"inLanguage":"de","potentialAction":[{"@type":"ReadAction","target":["https:\/\/www.hof-rehring.de\/wordpress\/historie\/"]}]},{"@type":"BreadcrumbList","@id":"https:\/\/www.hof-rehring.de\/wordpress\/historie\/#breadcrumb","itemListElement":[{"@type":"ListItem","position":1,"name":"Home","item":"https:\/\/www.hof-rehring.de\/wordpress\/"},{"@type":"ListItem","position":2,"name":"Historie"}]},{"@type":"WebSite","@id":"https:\/\/www.hof-rehring.de\/wordpress\/#website","url":"https:\/\/www.hof-rehring.de\/wordpress\/","name":"Hof Rehring","description":"L\u00e4ndliches Wohnen in bester Lage","potentialAction":[{"@type":"SearchAction","target":{"@type":"EntryPoint","urlTemplate":"https:\/\/www.hof-rehring.de\/wordpress\/?s={search_term_string}"},"query-input":"required name=search_term_string"}],"inLanguage":"de"}]}},"_links":{"self":[{"href":"https:\/\/www.hof-rehring.de\/wordpress\/wp-json\/wp\/v2\/pages\/68","targetHints":{"allow":["GET"]}}],"collection":[{"href":"https:\/\/www.hof-rehring.de\/wordpress\/wp-json\/wp\/v2\/pages"}],"about":[{"href":"https:\/\/www.hof-rehring.de\/wordpress\/wp-json\/wp\/v2\/types\/page"}],"author":[{"embeddable":true,"href":"https:\/\/www.hof-rehring.de\/wordpress\/wp-json\/wp\/v2\/users\/1"}],"replies":[{"embeddable":true,"href":"https:\/\/www.hof-rehring.de\/wordpress\/wp-json\/wp\/v2\/comments?post=68"}],"version-history":[{"count":9,"href":"https:\/\/www.hof-rehring.de\/wordpress\/wp-json\/wp\/v2\/pages\/68\/revisions"}],"predecessor-version":[{"id":457,"href":"https:\/\/www.hof-rehring.de\/wordpress\/wp-json\/wp\/v2\/pages\/68\/revisions\/457"}],"wp:attachment":[{"href":"https:\/\/www.hof-rehring.de\/wordpress\/wp-json\/wp\/v2\/media?parent=68"}],"curies":[{"name":"wp","href":"https:\/\/api.w.org\/{rel}","templated":true}]}}