{"id":66,"date":"2013-08-22T15:33:05","date_gmt":"2013-08-22T15:33:05","guid":{"rendered":"http:\/\/www.hof-rehring.de\/wordpress\/?page_id=66"},"modified":"2016-03-12T09:36:57","modified_gmt":"2016-03-12T09:36:57","slug":"umgebung","status":"publish","type":"page","link":"https:\/\/www.hof-rehring.de\/wordpress\/umgebung\/","title":{"rendered":"Die Umgebung"},"content":{"rendered":"<h1>Eine hervorragende Lage&#8230;<\/h1>\n<div style=\"text-align: justify;\">Das Bauernhaus liegt direkt am Naturschutzgebiet (NSG Vechte) und ist von Feldern und altem Baumbestand umgeben. Einige hofnahe Eichen sind bis zu 250 Jahre alt. Somit ist die Wohnlage \u00fcberaus <strong>naturnah und ruhig<\/strong>. Allerdings ist auch die <strong>Stadtn\u00e4he<\/strong> mit einer Entfernung von ca 1 km gegeben. Dies erlaubt das Wohnen im Gr\u00fcnen und gleichzeitig k\u00f6nnen s\u00e4mtliche Dinge des t\u00e4glichen Bedarfs bequem zu Fu\u00df oder mit dem Fahrrad erreicht und besorgt werden. Au\u00dferdem bietet die hervorragende Wohnlage des Bauernhauses eine <strong>gute Verkehrsanbindung<\/strong> zu den St\u00e4dten M\u00fcnster (ca. 32 km) und Enschede (ca. 38 km) sowie dem Ruhrgebiet (ca. 80 km), die auch mit \u00f6ffentlichen Verkehrsmitteln sehr gut erreicht werden k\u00f6nnen. Kurze Autobahnanbindungen erleichtern das entspannte Reisen. Zudem befinden sich die Flugh\u00e4fen M\u00fcnster\/Osnabr\u00fcck, Dortmund und D\u00fcsseldorf in unmittelbarer N\u00e4he. Auch der Flughafen K\u00f6ln\/Bonn und der Frankfurter Flughafen sind mit der Bahn ab M\u00fcnster oder per Auto unkompliziert zu erreichen.<\/div>\n<p><center>\r\n\t<div class=\"slideshow_container slideshow_container_style-light\" style=\"height: 200px; \" data-slideshow-id=\"278\" data-style-name=\"style-light\" data-style-version=\"2.3.1\" >\r\n\r\n\t\t\r\n\t\t<div class=\"slideshow_content\" style=\"display: none;\">\r\n\r\n\t\t\t<div class=\"slideshow_view\">\r\n\t\t\t\t<div class=\"slideshow_slide slideshow_slide_image\">\r\n\t\t\t\t\t<a href=\"http:\/\/www.hof-rehring.de\/wordpress\/wp-content\/uploads\/2013\/08\/CIMG0317.jpg\" target=\"_blank\" >\t\t\t\t\t\t<img src=\"https:\/\/www.hof-rehring.de\/wordpress\/wp-content\/uploads\/2013\/08\/CIMG0317.jpg\" alt=\"CIMG0317\" width=\"1200\" height=\"900\" \/>\r\n\t\t\t\t\t<\/a>\t\t\t\t\t<div class=\"slideshow_description_box slideshow_transparent\">\r\n\t\t\t\t\t\t<div class=\"slideshow_title\"><a href=\"http:\/\/www.hof-rehring.de\/wordpress\/wp-content\/uploads\/2013\/08\/CIMG0317.jpg\" target=\"_blank\" >CIMG0317<\/a><\/div>\t\t\t\t\t\t\t\t\t\t\t<\/div>\r\n\t\t\t\t<\/div>\r\n\r\n\t\t\t\t\t\t\r\n\t\t\t\t<div class=\"slideshow_slide slideshow_slide_image\">\r\n\t\t\t\t\t<a href=\"http:\/\/www.hof-rehring.de\/wordpress\/wp-content\/uploads\/2013\/08\/CIMG0326.jpg\" target=\"_blank\" >\t\t\t\t\t\t<img src=\"https:\/\/www.hof-rehring.de\/wordpress\/wp-content\/uploads\/2013\/08\/CIMG0326.jpg\" alt=\"CIMG0326\" width=\"1200\" height=\"900\" \/>\r\n\t\t\t\t\t<\/a>\t\t\t\t\t<div class=\"slideshow_description_box slideshow_transparent\">\r\n\t\t\t\t\t\t<div class=\"slideshow_title\"><a href=\"http:\/\/www.hof-rehring.de\/wordpress\/wp-content\/uploads\/2013\/08\/CIMG0326.jpg\" target=\"_blank\" >CIMG0326<\/a><\/div>\t\t\t\t\t\t\t\t\t\t\t<\/div>\r\n\t\t\t\t<\/div>\r\n\r\n\t\t\t\t\t\t\r\n\t\t\t\t<div class=\"slideshow_slide slideshow_slide_image\">\r\n\t\t\t\t\t<a href=\"http:\/\/www.hof-rehring.de\/wordpress\/wp-content\/uploads\/2013\/08\/CIMG03781.jpg\" target=\"_blank\" >\t\t\t\t\t\t<img src=\"https:\/\/www.hof-rehring.de\/wordpress\/wp-content\/uploads\/2013\/08\/CIMG03781.jpg\" alt=\"CIMG0378\" width=\"1200\" height=\"900\" \/>\r\n\t\t\t\t\t<\/a>\t\t\t\t\t<div class=\"slideshow_description_box slideshow_transparent\">\r\n\t\t\t\t\t\t<div class=\"slideshow_title\"><a href=\"http:\/\/www.hof-rehring.de\/wordpress\/wp-content\/uploads\/2013\/08\/CIMG03781.jpg\" target=\"_blank\" >CIMG0378<\/a><\/div>\t\t\t\t\t\t\t\t\t\t\t<\/div>\r\n\t\t\t\t<\/div>\r\n\r\n\t\t\t\t\t\t\r\n\t\t\t\t<div class=\"slideshow_slide slideshow_slide_image\">\r\n\t\t\t\t\t<a href=\"http:\/\/www.hof-rehring.de\/wordpress\/wp-content\/uploads\/2013\/08\/P6100928.jpg\" target=\"_blank\" >\t\t\t\t\t\t<img src=\"https:\/\/www.hof-rehring.de\/wordpress\/wp-content\/uploads\/2013\/08\/P6100928.jpg\" alt=\"P6100928\" width=\"1200\" height=\"900\" \/>\r\n\t\t\t\t\t<\/a>\t\t\t\t\t<div class=\"slideshow_description_box slideshow_transparent\">\r\n\t\t\t\t\t\t<div class=\"slideshow_title\"><a href=\"http:\/\/www.hof-rehring.de\/wordpress\/wp-content\/uploads\/2013\/08\/P6100928.jpg\" target=\"_blank\" >P6100928<\/a><\/div>\t\t\t\t\t\t\t\t\t\t\t<\/div>\r\n\t\t\t\t<\/div>\r\n\r\n\t\t\t\t\t\t<div style=\"clear: both;\"><\/div><\/div>\r\n\t\t<\/div>\r\n\r\n\t\t<div class=\"slideshow_controlPanel slideshow_transparent\" style=\"display: none;\"><ul><li class=\"slideshow_togglePlay\" data-play-text=\"Abspielen\" data-pause-text=\"Pause\"><\/li><\/ul><\/div>\r\n\r\n\t\t<div class=\"slideshow_button slideshow_previous slideshow_transparent\" role=\"button\" data-previous-text=\"Zur\u00fcck\" style=\"display: none;\"><\/div>\r\n\t\t<div class=\"slideshow_button slideshow_next slideshow_transparent\" role=\"button\" data-next-text=\"N\u00e4chstes\" style=\"display: none;\"><\/div>\r\n\r\n\t\t<div class=\"slideshow_pagination\" style=\"display: none;\" data-go-to-text=\"Gehe zum Bild\"><div class=\"slideshow_pagination_center\"><\/div><\/div>\r\n\r\n\t\t<!-- WordPress Slideshow Version 2.3.1 -->\r\n\r\n\t\t\t<\/div>\r\n\r\n<\/center><\/p>\n<h1>Die Umgebung unseres Bauernhauses<\/h1>\n<div style=\"text-align: justify;\">Der Bauernhof liegt im <strong>Herzen des M\u00fcnsterlands<\/strong>, das bekannt ist f\u00fcr seine sch\u00f6ne Landschaft und seine vielen Rad- und Wanderwege. Die vielen Burgen, Schl\u00f6sser und Bauernh\u00f6fe sind charakteristisch f\u00fcr die Region. Es bietet eine F\u00fclle von attraktiven Natur- und Landerlebnissen und hat mit der historischen und sch\u00f6nen Stadt M\u00fcnster eine w\u00fcrdige \u201eHauptstadt\u201c. Die N\u00e4he zu den Niederlanden sorgt f\u00fcr zus\u00e4tzliche Attraktivit\u00e4t. Vom Bauernhof aus laden die Nordsee, die Metropolen Amsterdam, Hamburg und K\u00f6ln sowie viele weitere interessante Ziele zu Tages- und Wochenendtouren ein.<\/div>\n<p><center>\r\n\t<div class=\"slideshow_container slideshow_container_style-light\" style=\"height: 200px; \" data-slideshow-id=\"288\" data-style-name=\"style-light\" data-style-version=\"2.3.1\" >\r\n\r\n\t\t\r\n\t\t<div class=\"slideshow_content\" style=\"display: none;\">\r\n\r\n\t\t\t<div class=\"slideshow_view\">\r\n\t\t\t\t<div class=\"slideshow_slide slideshow_slide_image\">\r\n\t\t\t\t\t<a href=\"http:\/\/www.hof-rehring.de\/wordpress\/wp-content\/uploads\/2018\/01\/2017-Umgebung-1.jpg\" target=\"_blank\" >\t\t\t\t\t\t<img src=\"https:\/\/www.hof-rehring.de\/wordpress\/wp-content\/uploads\/2018\/01\/2017-Umgebung-1.jpg\" alt=\"2017 Umgebung 1\" width=\"1024\" height=\"682\" \/>\r\n\t\t\t\t\t<\/a>\t\t\t\t\t<div class=\"slideshow_description_box slideshow_transparent\">\r\n\t\t\t\t\t\t<div class=\"slideshow_title\"><a href=\"http:\/\/www.hof-rehring.de\/wordpress\/wp-content\/uploads\/2018\/01\/2017-Umgebung-1.jpg\" target=\"_blank\" >2017 Umgebung 1<\/a><\/div>\t\t\t\t\t\t\t\t\t\t\t<\/div>\r\n\t\t\t\t<\/div>\r\n\r\n\t\t\t\t\t\t\r\n\t\t\t\t<div class=\"slideshow_slide slideshow_slide_image\">\r\n\t\t\t\t\t<a href=\"http:\/\/www.hof-rehring.de\/wordpress\/wp-content\/uploads\/2013\/08\/CIMG03981.jpg\" target=\"_blank\" >\t\t\t\t\t\t<img src=\"https:\/\/www.hof-rehring.de\/wordpress\/wp-content\/uploads\/2013\/08\/CIMG03981.jpg\" alt=\"CIMG0398\" width=\"1200\" height=\"900\" \/>\r\n\t\t\t\t\t<\/a>\t\t\t\t\t<div class=\"slideshow_description_box slideshow_transparent\">\r\n\t\t\t\t\t\t<div class=\"slideshow_title\"><a href=\"http:\/\/www.hof-rehring.de\/wordpress\/wp-content\/uploads\/2013\/08\/CIMG03981.jpg\" target=\"_blank\" >CIMG0398<\/a><\/div>\t\t\t\t\t\t\t\t\t\t\t<\/div>\r\n\t\t\t\t<\/div>\r\n\r\n\t\t\t\t\t\t\r\n\t\t\t\t<div class=\"slideshow_slide slideshow_slide_image\">\r\n\t\t\t\t\t<a href=\"http:\/\/www.hof-rehring.de\/wordpress\/wp-content\/uploads\/2013\/08\/CIMG0409.jpg\" target=\"_blank\" >\t\t\t\t\t\t<img src=\"https:\/\/www.hof-rehring.de\/wordpress\/wp-content\/uploads\/2013\/08\/CIMG0409.jpg\" alt=\"CIMG0409\" width=\"1200\" height=\"900\" \/>\r\n\t\t\t\t\t<\/a>\t\t\t\t\t<div class=\"slideshow_description_box slideshow_transparent\">\r\n\t\t\t\t\t\t<div class=\"slideshow_title\"><a href=\"http:\/\/www.hof-rehring.de\/wordpress\/wp-content\/uploads\/2013\/08\/CIMG0409.jpg\" target=\"_blank\" >CIMG0409<\/a><\/div>\t\t\t\t\t\t\t\t\t\t\t<\/div>\r\n\t\t\t\t<\/div>\r\n\r\n\t\t\t\t\t\t<div style=\"clear: both;\"><\/div><\/div><div class=\"slideshow_view\">\r\n\t\t\t\t<div class=\"slideshow_slide slideshow_slide_image\">\r\n\t\t\t\t\t<a href=\"http:\/\/www.hof-rehring.de\/wordpress\/wp-content\/uploads\/2013\/08\/CIMG04221.jpg\" target=\"_blank\" >\t\t\t\t\t\t<img src=\"https:\/\/www.hof-rehring.de\/wordpress\/wp-content\/uploads\/2013\/08\/CIMG04221.jpg\" alt=\"CIMG0422\" width=\"1200\" height=\"900\" \/>\r\n\t\t\t\t\t<\/a>\t\t\t\t\t<div class=\"slideshow_description_box slideshow_transparent\">\r\n\t\t\t\t\t\t<div class=\"slideshow_title\"><a href=\"http:\/\/www.hof-rehring.de\/wordpress\/wp-content\/uploads\/2013\/08\/CIMG04221.jpg\" target=\"_blank\" >CIMG0422<\/a><\/div>\t\t\t\t\t\t\t\t\t\t\t<\/div>\r\n\t\t\t\t<\/div>\r\n\r\n\t\t\t\t\t\t\r\n\t\t\t\t<div class=\"slideshow_slide slideshow_slide_image\">\r\n\t\t\t\t\t\t\t\t\t\t\t<img src=\"https:\/\/www.hof-rehring.de\/wordpress\/wp-content\/uploads\/2021\/01\/IMG_2750-scaled.jpeg\" alt=\"IMG_2750\" width=\"2560\" height=\"1920\" \/>\r\n\t\t\t\t\t\t\t\t\t\t<div class=\"slideshow_description_box slideshow_transparent\">\r\n\t\t\t\t\t\t<div class=\"slideshow_title\">IMG_2750<\/div>\t\t\t\t\t\t\t\t\t\t\t<\/div>\r\n\t\t\t\t<\/div>\r\n\r\n\t\t\t\t\t\t\r\n\t\t\t\t<div class=\"slideshow_slide slideshow_slide_image\">\r\n\t\t\t\t\t<a href=\"http:\/\/www.hof-rehring.de\/wordpress\/wp-content\/uploads\/2013\/08\/CIMG04331.jpg\" target=\"_blank\" >\t\t\t\t\t\t<img src=\"https:\/\/www.hof-rehring.de\/wordpress\/wp-content\/uploads\/2013\/08\/CIMG04331.jpg\" alt=\"CIMG0433\" width=\"1200\" height=\"900\" \/>\r\n\t\t\t\t\t<\/a>\t\t\t\t\t<div class=\"slideshow_description_box slideshow_transparent\">\r\n\t\t\t\t\t\t<div class=\"slideshow_title\"><a href=\"http:\/\/www.hof-rehring.de\/wordpress\/wp-content\/uploads\/2013\/08\/CIMG04331.jpg\" target=\"_blank\" >CIMG0433<\/a><\/div>\t\t\t\t\t\t\t\t\t\t\t<\/div>\r\n\t\t\t\t<\/div>\r\n\r\n\t\t\t\t\t\t<div style=\"clear: both;\"><\/div><\/div><div class=\"slideshow_view\">\r\n\t\t\t\t<div class=\"slideshow_slide slideshow_slide_image\">\r\n\t\t\t\t\t<a href=\"http:\/\/www.hof-rehring.de\/wordpress\/wp-content\/uploads\/2013\/08\/CIMG04381.jpg\" target=\"_blank\" >\t\t\t\t\t\t<img src=\"https:\/\/www.hof-rehring.de\/wordpress\/wp-content\/uploads\/2013\/08\/CIMG04381.jpg\" alt=\"CIMG0438\" width=\"1200\" height=\"900\" \/>\r\n\t\t\t\t\t<\/a>\t\t\t\t\t<div class=\"slideshow_description_box slideshow_transparent\">\r\n\t\t\t\t\t\t<div class=\"slideshow_title\"><a href=\"http:\/\/www.hof-rehring.de\/wordpress\/wp-content\/uploads\/2013\/08\/CIMG04381.jpg\" target=\"_blank\" >CIMG0438<\/a><\/div>\t\t\t\t\t\t\t\t\t\t\t<\/div>\r\n\t\t\t\t<\/div>\r\n\r\n\t\t\t\t\t\t\r\n\t\t\t\t<div class=\"slideshow_slide slideshow_slide_image\">\r\n\t\t\t\t\t<a href=\"http:\/\/www.hof-rehring.de\/wordpress\/wp-content\/uploads\/2013\/08\/CIMG04411.jpg\" target=\"_blank\" >\t\t\t\t\t\t<img src=\"https:\/\/www.hof-rehring.de\/wordpress\/wp-content\/uploads\/2013\/08\/CIMG04411.jpg\" alt=\"CIMG0441\" width=\"1200\" height=\"900\" \/>\r\n\t\t\t\t\t<\/a>\t\t\t\t\t<div class=\"slideshow_description_box slideshow_transparent\">\r\n\t\t\t\t\t\t<div class=\"slideshow_title\"><a href=\"http:\/\/www.hof-rehring.de\/wordpress\/wp-content\/uploads\/2013\/08\/CIMG04411.jpg\" target=\"_blank\" >CIMG0441<\/a><\/div>\t\t\t\t\t\t\t\t\t\t\t<\/div>\r\n\t\t\t\t<\/div>\r\n\r\n\t\t\t\t\t\t\r\n\t\t\t\t<div class=\"slideshow_slide slideshow_slide_image\">\r\n\t\t\t\t\t<a href=\"http:\/\/www.hof-rehring.de\/wordpress\/wp-content\/uploads\/2013\/08\/CIMG03381.jpg\" target=\"_blank\" >\t\t\t\t\t\t<img src=\"https:\/\/www.hof-rehring.de\/wordpress\/wp-content\/uploads\/2013\/08\/CIMG03381.jpg\" alt=\"CIMG0338\" width=\"1200\" height=\"900\" \/>\r\n\t\t\t\t\t<\/a>\t\t\t\t\t<div class=\"slideshow_description_box slideshow_transparent\">\r\n\t\t\t\t\t\t<div class=\"slideshow_title\"><a href=\"http:\/\/www.hof-rehring.de\/wordpress\/wp-content\/uploads\/2013\/08\/CIMG03381.jpg\" target=\"_blank\" >CIMG0338<\/a><\/div>\t\t\t\t\t\t\t\t\t\t\t<\/div>\r\n\t\t\t\t<\/div>\r\n\r\n\t\t\t\t\t\t<div style=\"clear: both;\"><\/div><\/div><div class=\"slideshow_view\">\r\n\t\t\t\t<div class=\"slideshow_slide slideshow_slide_image\">\r\n\t\t\t\t\t<a href=\"http:\/\/www.hof-rehring.de\/wordpress\/wp-content\/uploads\/2013\/08\/CIMG03911.jpg\" target=\"_blank\" >\t\t\t\t\t\t<img src=\"https:\/\/www.hof-rehring.de\/wordpress\/wp-content\/uploads\/2013\/08\/CIMG03911.jpg\" alt=\"CIMG0391\" width=\"1200\" height=\"900\" \/>\r\n\t\t\t\t\t<\/a>\t\t\t\t\t<div class=\"slideshow_description_box slideshow_transparent\">\r\n\t\t\t\t\t\t<div class=\"slideshow_title\"><a href=\"http:\/\/www.hof-rehring.de\/wordpress\/wp-content\/uploads\/2013\/08\/CIMG03911.jpg\" target=\"_blank\" >CIMG0391<\/a><\/div>\t\t\t\t\t\t\t\t\t\t\t<\/div>\r\n\t\t\t\t<\/div>\r\n\r\n\t\t\t\t\t\t<div style=\"clear: both;\"><\/div><\/div>\r\n\t\t<\/div>\r\n\r\n\t\t<div class=\"slideshow_controlPanel slideshow_transparent\" style=\"display: none;\"><ul><li class=\"slideshow_togglePlay\" data-play-text=\"Abspielen\" data-pause-text=\"Pause\"><\/li><\/ul><\/div>\r\n\r\n\t\t<div class=\"slideshow_button slideshow_previous slideshow_transparent\" role=\"button\" data-previous-text=\"Zur\u00fcck\" style=\"display: none;\"><\/div>\r\n\t\t<div class=\"slideshow_button slideshow_next slideshow_transparent\" role=\"button\" data-next-text=\"N\u00e4chstes\" style=\"display: none;\"><\/div>\r\n\r\n\t\t<div class=\"slideshow_pagination\" style=\"display: none;\" data-go-to-text=\"Gehe zum Bild\"><div class=\"slideshow_pagination_center\"><\/div><\/div>\r\n\r\n\t\t<!-- WordPress Slideshow Version 2.3.1 -->\r\n\r\n\t\t\t<\/div>\r\n\r\n<\/center><\/p>\n","protected":false},"excerpt":{"rendered":"<p>Eine hervorragende Lage&#8230; Das Bauernhaus liegt direkt am Naturschutzgebiet (NSG Vechte) und ist von Feldern und altem Baumbestand umgeben. Einige hofnahe Eichen sind bis zu 250 Jahre alt. Somit ist die Wohnlage \u00fcberaus naturnah und ruhig. Allerdings ist auch die Stadtn\u00e4he mit einer Entfernung von ca 1 km gegeben. Dies erlaubt das Wohnen im Gr\u00fcnen [&hellip;]<\/p>\n","protected":false},"author":1,"featured_media":0,"parent":0,"menu_order":4,"comment_status":"closed","ping_status":"closed","template":"","meta":{"footnotes":""},"class_list":["post-66","page","type-page","status-publish","hentry"],"yoast_head":"<!-- This site is optimized with the Yoast SEO plugin v19.8 - https:\/\/yoast.com\/wordpress\/plugins\/seo\/ -->\n<title>Bauernhaus mieten - Die Umgebung des Hof Rehring<\/title>\n<meta name=\"description\" content=\"Das Bauernhaus im Hof Rehring kann gemietet werden. So k\u00f6nnen auch Sie sich Ihren Wunsch vom naturnahen Leben erf\u00fcllen. Die Umgebung des Hof Rehring ist bekannt f\u00fcr seine sch\u00f6ne Landschaft.\" \/>\n<meta name=\"robots\" content=\"index, follow, max-snippet:-1, max-image-preview:large, max-video-preview:-1\" \/>\n<link rel=\"canonical\" href=\"https:\/\/www.hof-rehring.de\/wordpress\/umgebung\/\" \/>\n<meta property=\"og:locale\" content=\"de_DE\" \/>\n<meta property=\"og:type\" content=\"article\" \/>\n<meta property=\"og:title\" content=\"Bauernhaus mieten - Die Umgebung des Hof Rehring\" \/>\n<meta property=\"og:description\" content=\"Das Bauernhaus im Hof Rehring kann gemietet werden. So k\u00f6nnen auch Sie sich Ihren Wunsch vom naturnahen Leben erf\u00fcllen. Die Umgebung des Hof Rehring ist bekannt f\u00fcr seine sch\u00f6ne Landschaft.\" \/>\n<meta property=\"og:url\" content=\"https:\/\/www.hof-rehring.de\/wordpress\/umgebung\/\" \/>\n<meta property=\"og:site_name\" content=\"Hof Rehring\" \/>\n<meta property=\"article:modified_time\" content=\"2016-03-12T09:36:57+00:00\" \/>\n<meta name=\"twitter:label1\" content=\"Gesch\u00e4tzte Lesezeit\" \/>\n\t<meta name=\"twitter:data1\" content=\"1\u00a0Minute\" \/>\n<script type=\"application\/ld+json\" class=\"yoast-schema-graph\">{\"@context\":\"https:\/\/schema.org\",\"@graph\":[{\"@type\":\"WebPage\",\"@id\":\"https:\/\/www.hof-rehring.de\/wordpress\/umgebung\/\",\"url\":\"https:\/\/www.hof-rehring.de\/wordpress\/umgebung\/\",\"name\":\"Bauernhaus mieten - Die Umgebung des Hof Rehring\",\"isPartOf\":{\"@id\":\"https:\/\/www.hof-rehring.de\/wordpress\/#website\"},\"datePublished\":\"2013-08-22T15:33:05+00:00\",\"dateModified\":\"2016-03-12T09:36:57+00:00\",\"description\":\"Das Bauernhaus im Hof Rehring kann gemietet werden. So k\u00f6nnen auch Sie sich Ihren Wunsch vom naturnahen Leben erf\u00fcllen. Die Umgebung des Hof Rehring ist bekannt f\u00fcr seine sch\u00f6ne Landschaft.\",\"breadcrumb\":{\"@id\":\"https:\/\/www.hof-rehring.de\/wordpress\/umgebung\/#breadcrumb\"},\"inLanguage\":\"de\",\"potentialAction\":[{\"@type\":\"ReadAction\",\"target\":[\"https:\/\/www.hof-rehring.de\/wordpress\/umgebung\/\"]}]},{\"@type\":\"BreadcrumbList\",\"@id\":\"https:\/\/www.hof-rehring.de\/wordpress\/umgebung\/#breadcrumb\",\"itemListElement\":[{\"@type\":\"ListItem\",\"position\":1,\"name\":\"Home\",\"item\":\"https:\/\/www.hof-rehring.de\/wordpress\/\"},{\"@type\":\"ListItem\",\"position\":2,\"name\":\"Die Umgebung\"}]},{\"@type\":\"WebSite\",\"@id\":\"https:\/\/www.hof-rehring.de\/wordpress\/#website\",\"url\":\"https:\/\/www.hof-rehring.de\/wordpress\/\",\"name\":\"Hof Rehring\",\"description\":\"L\u00e4ndliches Wohnen in bester Lage\",\"potentialAction\":[{\"@type\":\"SearchAction\",\"target\":{\"@type\":\"EntryPoint\",\"urlTemplate\":\"https:\/\/www.hof-rehring.de\/wordpress\/?s={search_term_string}\"},\"query-input\":\"required name=search_term_string\"}],\"inLanguage\":\"de\"}]}<\/script>\n<!-- \/ Yoast SEO plugin. -->","yoast_head_json":{"title":"Bauernhaus mieten - Die Umgebung des Hof Rehring","description":"Das Bauernhaus im Hof Rehring kann gemietet werden. So k\u00f6nnen auch Sie sich Ihren Wunsch vom naturnahen Leben erf\u00fcllen. Die Umgebung des Hof Rehring ist bekannt f\u00fcr seine sch\u00f6ne Landschaft.","robots":{"index":"index","follow":"follow","max-snippet":"max-snippet:-1","max-image-preview":"max-image-preview:large","max-video-preview":"max-video-preview:-1"},"canonical":"https:\/\/www.hof-rehring.de\/wordpress\/umgebung\/","og_locale":"de_DE","og_type":"article","og_title":"Bauernhaus mieten - Die Umgebung des Hof Rehring","og_description":"Das Bauernhaus im Hof Rehring kann gemietet werden. So k\u00f6nnen auch Sie sich Ihren Wunsch vom naturnahen Leben erf\u00fcllen. Die Umgebung des Hof Rehring ist bekannt f\u00fcr seine sch\u00f6ne Landschaft.","og_url":"https:\/\/www.hof-rehring.de\/wordpress\/umgebung\/","og_site_name":"Hof Rehring","article_modified_time":"2016-03-12T09:36:57+00:00","twitter_misc":{"Gesch\u00e4tzte Lesezeit":"1\u00a0Minute"},"schema":{"@context":"https:\/\/schema.org","@graph":[{"@type":"WebPage","@id":"https:\/\/www.hof-rehring.de\/wordpress\/umgebung\/","url":"https:\/\/www.hof-rehring.de\/wordpress\/umgebung\/","name":"Bauernhaus mieten - Die Umgebung des Hof Rehring","isPartOf":{"@id":"https:\/\/www.hof-rehring.de\/wordpress\/#website"},"datePublished":"2013-08-22T15:33:05+00:00","dateModified":"2016-03-12T09:36:57+00:00","description":"Das Bauernhaus im Hof Rehring kann gemietet werden. So k\u00f6nnen auch Sie sich Ihren Wunsch vom naturnahen Leben erf\u00fcllen. Die Umgebung des Hof Rehring ist bekannt f\u00fcr seine sch\u00f6ne Landschaft.","breadcrumb":{"@id":"https:\/\/www.hof-rehring.de\/wordpress\/umgebung\/#breadcrumb"},"inLanguage":"de","potentialAction":[{"@type":"ReadAction","target":["https:\/\/www.hof-rehring.de\/wordpress\/umgebung\/"]}]},{"@type":"BreadcrumbList","@id":"https:\/\/www.hof-rehring.de\/wordpress\/umgebung\/#breadcrumb","itemListElement":[{"@type":"ListItem","position":1,"name":"Home","item":"https:\/\/www.hof-rehring.de\/wordpress\/"},{"@type":"ListItem","position":2,"name":"Die Umgebung"}]},{"@type":"WebSite","@id":"https:\/\/www.hof-rehring.de\/wordpress\/#website","url":"https:\/\/www.hof-rehring.de\/wordpress\/","name":"Hof Rehring","description":"L\u00e4ndliches Wohnen in bester Lage","potentialAction":[{"@type":"SearchAction","target":{"@type":"EntryPoint","urlTemplate":"https:\/\/www.hof-rehring.de\/wordpress\/?s={search_term_string}"},"query-input":"required name=search_term_string"}],"inLanguage":"de"}]}},"_links":{"self":[{"href":"https:\/\/www.hof-rehring.de\/wordpress\/wp-json\/wp\/v2\/pages\/66","targetHints":{"allow":["GET"]}}],"collection":[{"href":"https:\/\/www.hof-rehring.de\/wordpress\/wp-json\/wp\/v2\/pages"}],"about":[{"href":"https:\/\/www.hof-rehring.de\/wordpress\/wp-json\/wp\/v2\/types\/page"}],"author":[{"embeddable":true,"href":"https:\/\/www.hof-rehring.de\/wordpress\/wp-json\/wp\/v2\/users\/1"}],"replies":[{"embeddable":true,"href":"https:\/\/www.hof-rehring.de\/wordpress\/wp-json\/wp\/v2\/comments?post=66"}],"version-history":[{"count":35,"href":"https:\/\/www.hof-rehring.de\/wordpress\/wp-json\/wp\/v2\/pages\/66\/revisions"}],"predecessor-version":[{"id":456,"href":"https:\/\/www.hof-rehring.de\/wordpress\/wp-json\/wp\/v2\/pages\/66\/revisions\/456"}],"wp:attachment":[{"href":"https:\/\/www.hof-rehring.de\/wordpress\/wp-json\/wp\/v2\/media?parent=66"}],"curies":[{"name":"wp","href":"https:\/\/api.w.org\/{rel}","templated":true}]}}