{"id":64,"date":"2013-08-22T15:32:48","date_gmt":"2013-08-22T15:32:48","guid":{"rendered":"http:\/\/www.hof-rehring.de\/wordpress\/?page_id=64"},"modified":"2021-04-05T19:12:32","modified_gmt":"2021-04-05T19:12:32","slug":"umbau","status":"publish","type":"page","link":"https:\/\/www.hof-rehring.de\/wordpress\/umbau\/","title":{"rendered":"Der Umbau"},"content":{"rendered":"<h2>Renoviertes Bauernhaus<\/h2>\n<p>Das <strong>Bauernhaus<\/strong> ist Teil einer gepflegten, alten und ohne Nutztiere bewirtschafteten <strong>Hofanlage<\/strong>. Die ehemaligen Stallungen unseres <strong>historischen Bauernhofs<\/strong> wurden liebevoll und detailgetreu zu zwei <strong>Landhauswohnungen<\/strong> umgebaut.<\/p>\n<p>Die Ausstattung der Wohn- und Sanit\u00e4rr\u00e4ume ist hochwertig und erm\u00f6glichen ein vielseitiges Leben. Die bodentiefen Fenster und die T\u00fcren wurden aus massivem Holz gebaut und bieten einen <strong>wunderbaren Blick in die l\u00e4ndliche Idylle<\/strong>. F\u00fcr den Fu\u00dfboden wurden massive Eichen- und anderen Holzartendielen verwendet. Das Erdgeschoss ist sehr hell und gro\u00dfz\u00fcgig gestaltet. Ein Kamin verleiht dem Wohnbereich seinen besonderen Charakter und sorgt f\u00fcr eine einladende und entspannte Stimmung. Die innenliegende Terrasse (Freisitz) bietet die Verbindung des t\u00e4glichen Lebens mit der sich wechselnden Natur und sorgt f\u00fcr eine <strong>gehobene Wohnqualit\u00e4t<\/strong>. Dabei sind kleine Teilbereiche der Innenwand des alten Mauerwerkes freigelegt und der Charme alter Naturstein-Bauweise gezeigt. Im Erdgeschoss befinden sich \u2013 neben den anderen Wohnr\u00e4umen \u2013 ein WC mit Dusche und ein Hauswirtschaftsraum mit Innen- und Au\u00dfenwasseranschluss.<\/p>\n\r\n\t<div class=\"slideshow_container slideshow_container_style-light\" style=\"height: 500px; \" data-slideshow-id=\"150\" data-style-name=\"style-light\" data-style-version=\"2.3.1\" >\r\n\r\n\t\t\r\n\t\t<div class=\"slideshow_content\" style=\"display: none;\">\r\n\r\n\t\t\t<div class=\"slideshow_view\">\r\n\t\t\t\t<div class=\"slideshow_slide slideshow_slide_image\">\r\n\t\t\t\t\t\t\t\t\t\t\t<img src=\"https:\/\/www.hof-rehring.de\/wordpress\/wp-content\/uploads\/2021\/01\/IMG_2929.jpeg\" alt=\"IMG_2929\" width=\"1536\" height=\"2048\" \/>\r\n\t\t\t\t\t\t\t\t\t\t<div class=\"slideshow_description_box slideshow_transparent\">\r\n\t\t\t\t\t\t<div class=\"slideshow_title\">IMG_2929<\/div>\t\t\t\t\t\t\t\t\t\t\t<\/div>\r\n\t\t\t\t<\/div>\r\n\r\n\t\t\t\t\t\t<div style=\"clear: both;\"><\/div><\/div><div class=\"slideshow_view\">\r\n\t\t\t\t<div class=\"slideshow_slide slideshow_slide_image\">\r\n\t\t\t\t\t\t\t\t\t\t\t<img src=\"https:\/\/www.hof-rehring.de\/wordpress\/wp-content\/uploads\/2021\/01\/IMG_2951-1.jpeg\" alt=\"IMG_2951-1\" width=\"1536\" height=\"2048\" \/>\r\n\t\t\t\t\t\t\t\t\t\t<div class=\"slideshow_description_box slideshow_transparent\">\r\n\t\t\t\t\t\t<div class=\"slideshow_title\">IMG_2951-1<\/div>\t\t\t\t\t\t\t\t\t\t\t<\/div>\r\n\t\t\t\t<\/div>\r\n\r\n\t\t\t\t\t\t<div style=\"clear: both;\"><\/div><\/div><div class=\"slideshow_view\">\r\n\t\t\t\t<div class=\"slideshow_slide slideshow_slide_image\">\r\n\t\t\t\t\t\t\t\t\t\t\t<img src=\"https:\/\/www.hof-rehring.de\/wordpress\/wp-content\/uploads\/2021\/01\/PHOTO-2020-08-11-21-40-09.jpg\" alt=\"PHOTO-2020-08-11-21-40-09\" width=\"768\" height=\"1024\" \/>\r\n\t\t\t\t\t\t\t\t\t\t<div class=\"slideshow_description_box slideshow_transparent\">\r\n\t\t\t\t\t\t<div class=\"slideshow_title\">PHOTO-2020-08-11-21-40-09<\/div>\t\t\t\t\t\t\t\t\t\t\t<\/div>\r\n\t\t\t\t<\/div>\r\n\r\n\t\t\t\t\t\t<div style=\"clear: both;\"><\/div><\/div><div class=\"slideshow_view\">\r\n\t\t\t\t<div class=\"slideshow_slide slideshow_slide_image\">\r\n\t\t\t\t\t\t\t\t\t\t\t<img src=\"https:\/\/www.hof-rehring.de\/wordpress\/wp-content\/uploads\/2021\/01\/PHOTO-2020-08-11-21-43-56.jpg\" alt=\"PHOTO-2020-08-11-21-43-56\" width=\"1024\" height=\"768\" \/>\r\n\t\t\t\t\t\t\t\t\t\t<div class=\"slideshow_description_box slideshow_transparent\">\r\n\t\t\t\t\t\t<div class=\"slideshow_title\">PHOTO-2020-08-11-21-43-56<\/div>\t\t\t\t\t\t\t\t\t\t\t<\/div>\r\n\t\t\t\t<\/div>\r\n\r\n\t\t\t\t\t\t<div style=\"clear: both;\"><\/div><\/div><div class=\"slideshow_view\">\r\n\t\t\t\t<div class=\"slideshow_slide slideshow_slide_image\">\r\n\t\t\t\t\t\t\t\t\t\t\t<img src=\"https:\/\/www.hof-rehring.de\/wordpress\/wp-content\/uploads\/2021\/01\/PHOTO-2020-08-11-21-40-31.jpg\" alt=\"PHOTO-2020-08-11-21-40-31\" width=\"1024\" height=\"768\" \/>\r\n\t\t\t\t\t\t\t\t\t\t<div class=\"slideshow_description_box slideshow_transparent\">\r\n\t\t\t\t\t\t<div class=\"slideshow_title\">PHOTO-2020-08-11-21-40-31<\/div>\t\t\t\t\t\t\t\t\t\t\t<\/div>\r\n\t\t\t\t<\/div>\r\n\r\n\t\t\t\t\t\t<div style=\"clear: both;\"><\/div><\/div><div class=\"slideshow_view\">\r\n\t\t\t\t<div class=\"slideshow_slide slideshow_slide_image\">\r\n\t\t\t\t\t\t\t\t\t\t\t<img src=\"https:\/\/www.hof-rehring.de\/wordpress\/wp-content\/uploads\/2021\/01\/PHOTO-2020-08-11-21-43-20.jpg\" alt=\"PHOTO-2020-08-11-21-43-20\" width=\"1024\" height=\"768\" \/>\r\n\t\t\t\t\t\t\t\t\t\t<div class=\"slideshow_description_box slideshow_transparent\">\r\n\t\t\t\t\t\t<div class=\"slideshow_title\">PHOTO-2020-08-11-21-43-20<\/div>\t\t\t\t\t\t\t\t\t\t\t<\/div>\r\n\t\t\t\t<\/div>\r\n\r\n\t\t\t\t\t\t<div style=\"clear: both;\"><\/div><\/div><div class=\"slideshow_view\">\r\n\t\t\t\t<div class=\"slideshow_slide slideshow_slide_image\">\r\n\t\t\t\t\t\t\t\t\t\t\t<img src=\"https:\/\/www.hof-rehring.de\/wordpress\/wp-content\/uploads\/2021\/01\/PHOTO-2020-08-11-21-41-38.jpg\" alt=\"PHOTO-2020-08-11-21-41-38\" width=\"768\" height=\"1024\" \/>\r\n\t\t\t\t\t\t\t\t\t\t<div class=\"slideshow_description_box slideshow_transparent\">\r\n\t\t\t\t\t\t<div class=\"slideshow_title\">PHOTO-2020-08-11-21-41-38<\/div>\t\t\t\t\t\t\t\t\t\t\t<\/div>\r\n\t\t\t\t<\/div>\r\n\r\n\t\t\t\t\t\t<div style=\"clear: both;\"><\/div><\/div><div class=\"slideshow_view\">\r\n\t\t\t\t<div class=\"slideshow_slide slideshow_slide_image\">\r\n\t\t\t\t\t\t\t\t\t\t\t<img src=\"https:\/\/www.hof-rehring.de\/wordpress\/wp-content\/uploads\/2021\/01\/PHOTO-2020-08-11-21-38-35.jpg\" alt=\"PHOTO-2020-08-11-21-38-35\" width=\"768\" height=\"1024\" \/>\r\n\t\t\t\t\t\t\t\t\t\t<div class=\"slideshow_description_box slideshow_transparent\">\r\n\t\t\t\t\t\t<div class=\"slideshow_title\">PHOTO-2020-08-11-21-38-35<\/div>\t\t\t\t\t\t\t\t\t\t\t<\/div>\r\n\t\t\t\t<\/div>\r\n\r\n\t\t\t\t\t\t<div style=\"clear: both;\"><\/div><\/div><div class=\"slideshow_view\">\r\n\t\t\t\t<div class=\"slideshow_slide slideshow_slide_image\">\r\n\t\t\t\t\t\t\t\t\t\t\t<img src=\"https:\/\/www.hof-rehring.de\/wordpress\/wp-content\/uploads\/2021\/01\/PHOTO-2020-08-11-21-40-09.jpg\" alt=\"PHOTO-2020-08-11-21-40-09\" width=\"768\" height=\"1024\" \/>\r\n\t\t\t\t\t\t\t\t\t\t<div class=\"slideshow_description_box slideshow_transparent\">\r\n\t\t\t\t\t\t<div class=\"slideshow_title\">PHOTO-2020-08-11-21-40-09<\/div>\t\t\t\t\t\t\t\t\t\t\t<\/div>\r\n\t\t\t\t<\/div>\r\n\r\n\t\t\t\t\t\t<div style=\"clear: both;\"><\/div><\/div>\r\n\t\t<\/div>\r\n\r\n\t\t<div class=\"slideshow_controlPanel slideshow_transparent\" style=\"display: none;\"><ul><li class=\"slideshow_togglePlay\" data-play-text=\"Abspielen\" data-pause-text=\"Pause\"><\/li><\/ul><\/div>\r\n\r\n\t\t<div class=\"slideshow_button slideshow_previous slideshow_transparent\" role=\"button\" data-previous-text=\"Zur\u00fcck\" style=\"display: none;\"><\/div>\r\n\t\t<div class=\"slideshow_button slideshow_next slideshow_transparent\" role=\"button\" data-next-text=\"N\u00e4chstes\" style=\"display: none;\"><\/div>\r\n\r\n\t\t<div class=\"slideshow_pagination\" style=\"display: none;\" data-go-to-text=\"Gehe zum Bild\"><div class=\"slideshow_pagination_center\"><\/div><\/div>\r\n\r\n\t\t<!-- WordPress Slideshow Version 2.3.1 -->\r\n\r\n\t\t\t<\/div>\r\n\r\n\n<p><span style=\"color: #ffffff;\">.<\/span><\/p>\n<p>Im ersten Obergeschoss ist zur Nordseite ein gro\u00dfer Raum mit einem <strong>herrlichen Blick \u00fcber weite Felder<\/strong>. Au\u00dferdem befinden sich oben weitere helle Schlafr\u00e4ume mit Dachgauben bzw. gro\u00dfen Dachfenstern und ein exklusives und hochwertiges Tageslicht-Bad mit Doppelwaschtisch, Badewanne, Dusche und WC.<br \/>\nAlle R\u00e4ume sind mit Fu\u00dfbodenheizung und einer <strong>modernen und energieeffizienten Technik<\/strong> versorgt. Generell ist eine hochwertig <strong>exklusive Ausstattung<\/strong> in allen Bereichen vorhanden.<\/p>\n<h2>Renovierte Scheune<\/h2>\n<p>Die<strong> wundersch\u00f6ne alte Lagerscheune<\/strong> mit ihrem massiven Baustil und einer Gesamth\u00f6he von 11 Metern wurde zu <strong>gewerblichen B\u00fcror\u00e4umen<\/strong> umgebaut. Schlichte Glaselemente ersetzen heute die gro\u00dfen ehemaligen Scheunentore, so dass der Innenraum lichtdurchflutet und offen frei gestaltet werden konnte. Im oberen Stockwerk befindet sich frei schwebend ein Besprechungsraum und weitere B\u00fcror\u00e4ume.<\/p>\n<p><center><i>\r\n\t<div class=\"slideshow_container slideshow_container_style-light\" style=\"height: 142px; max-width: 636px;\" data-slideshow-id=\"193\" data-style-name=\"style-light\" data-style-version=\"2.3.1\" >\r\n\r\n\t\t\r\n\t\t<div class=\"slideshow_content\" style=\"display: none;\">\r\n\r\n\t\t\t<div class=\"slideshow_view\">\r\n\t\t\t\t<div class=\"slideshow_slide slideshow_slide_image\">\r\n\t\t\t\t\t<a href=\"http:\/\/www.hof-rehring.de\/wordpress\/wp-content\/uploads\/2015\/06\/aussen-1024x683.jpg\" target=\"_blank\"  rel=\"nofollow\" >\t\t\t\t\t\t<img src=\"https:\/\/www.hof-rehring.de\/wordpress\/wp-content\/uploads\/2015\/06\/aussen.jpg\" alt=\"aussen\" width=\"1024\" height=\"683\" \/>\r\n\t\t\t\t\t<\/a>\t\t\t\t\t<div class=\"slideshow_description_box slideshow_transparent\">\r\n\t\t\t\t\t\t\t\t\t\t\t\t\t\t\t\t\t<\/div>\r\n\t\t\t\t<\/div>\r\n\r\n\t\t\t\t\t\t\r\n\t\t\t\t<div class=\"slideshow_slide slideshow_slide_image\">\r\n\t\t\t\t\t<a href=\"http:\/\/www.hof-rehring.de\/wordpress\/wp-content\/uploads\/2015\/06\/innen-1024x683.jpg\" target=\"_blank\"  rel=\"nofollow\" >\t\t\t\t\t\t<img src=\"https:\/\/www.hof-rehring.de\/wordpress\/wp-content\/uploads\/2015\/06\/innen.jpg\" alt=\"innen\" width=\"1024\" height=\"683\" \/>\r\n\t\t\t\t\t<\/a>\t\t\t\t\t<div class=\"slideshow_description_box slideshow_transparent\">\r\n\t\t\t\t\t\t\t\t\t\t\t\t\t\t\t\t\t<\/div>\r\n\t\t\t\t<\/div>\r\n\r\n\t\t\t\t\t\t\r\n\t\t\t\t<div class=\"slideshow_slide slideshow_slide_image\">\r\n\t\t\t\t\t<a href=\"http:\/\/www.hof-rehring.de\/wordpress\/wp-content\/uploads\/2015\/06\/seite-1024x683.jpg\" target=\"_blank\"  rel=\"nofollow\" >\t\t\t\t\t\t<img src=\"https:\/\/www.hof-rehring.de\/wordpress\/wp-content\/uploads\/2015\/06\/seite.jpg\" alt=\"seite\" width=\"1024\" height=\"683\" \/>\r\n\t\t\t\t\t<\/a>\t\t\t\t\t<div class=\"slideshow_description_box slideshow_transparent\">\r\n\t\t\t\t\t\t\t\t\t\t\t\t\t\t\t\t\t<\/div>\r\n\t\t\t\t<\/div>\r\n\r\n\t\t\t\t\t\t<div style=\"clear: both;\"><\/div><\/div>\r\n\t\t<\/div>\r\n\r\n\t\t<div class=\"slideshow_controlPanel slideshow_transparent\" style=\"display: none;\"><ul><li class=\"slideshow_togglePlay\" data-play-text=\"Abspielen\" data-pause-text=\"Pause\"><\/li><\/ul><\/div>\r\n\r\n\t\t<div class=\"slideshow_button slideshow_previous slideshow_transparent\" role=\"button\" data-previous-text=\"Zur\u00fcck\" style=\"display: none;\"><\/div>\r\n\t\t<div class=\"slideshow_button slideshow_next slideshow_transparent\" role=\"button\" data-next-text=\"N\u00e4chstes\" style=\"display: none;\"><\/div>\r\n\r\n\t\t<div class=\"slideshow_pagination\" style=\"display: none;\" data-go-to-text=\"Gehe zum Bild\"><div class=\"slideshow_pagination_center\"><\/div><\/div>\r\n\r\n\t\t<!-- WordPress Slideshow Version 2.3.1 -->\r\n\r\n\t\t\t<\/div>\r\n\r\n<\/i><em>Bilder: J\u00f6rg Letz<\/em>\u00a0<\/center><\/p>\n","protected":false},"excerpt":{"rendered":"<p>Renoviertes Bauernhaus Das Bauernhaus ist Teil einer gepflegten, alten und ohne Nutztiere bewirtschafteten Hofanlage. Die ehemaligen Stallungen unseres historischen Bauernhofs wurden liebevoll und detailgetreu zu zwei Landhauswohnungen umgebaut. Die Ausstattung der Wohn- und Sanit\u00e4rr\u00e4ume ist hochwertig und erm\u00f6glichen ein vielseitiges Leben. Die bodentiefen Fenster und die T\u00fcren wurden aus massivem Holz gebaut und bieten einen [&hellip;]<\/p>\n","protected":false},"author":1,"featured_media":0,"parent":0,"menu_order":3,"comment_status":"closed","ping_status":"closed","template":"","meta":{"footnotes":""},"class_list":["post-64","page","type-page","status-publish","hentry"],"yoast_head":"<!-- This site is optimized with the Yoast SEO plugin v19.8 - https:\/\/yoast.com\/wordpress\/plugins\/seo\/ -->\n<title>Leben im Bauernhaus - Mieten Sie Ihr eigenes Bauernhaus im Hof Rehring<\/title>\n<meta name=\"description\" content=\"Wohnen und Leben Sie im Bauernhaus. Die Ausstattung der Wohn- und Sanit\u00e4rr\u00e4ume im Bauernhaus ist hochwertig und sorgt f\u00fcr eine gehobene Wohnqualit\u00e4t.\" \/>\n<meta name=\"robots\" content=\"index, follow, max-snippet:-1, max-image-preview:large, max-video-preview:-1\" \/>\n<link rel=\"canonical\" href=\"https:\/\/www.hof-rehring.de\/wordpress\/umbau\/\" \/>\n<meta property=\"og:locale\" content=\"de_DE\" \/>\n<meta property=\"og:type\" content=\"article\" \/>\n<meta property=\"og:title\" content=\"Leben im Bauernhaus - Mieten Sie Ihr eigenes Bauernhaus im Hof Rehring\" \/>\n<meta property=\"og:description\" content=\"Wohnen und Leben Sie im Bauernhaus. Die Ausstattung der Wohn- und Sanit\u00e4rr\u00e4ume im Bauernhaus ist hochwertig und sorgt f\u00fcr eine gehobene Wohnqualit\u00e4t.\" \/>\n<meta property=\"og:url\" content=\"https:\/\/www.hof-rehring.de\/wordpress\/umbau\/\" \/>\n<meta property=\"og:site_name\" content=\"Hof Rehring\" \/>\n<meta property=\"article:modified_time\" content=\"2021-04-05T19:12:32+00:00\" \/>\n<meta name=\"twitter:label1\" content=\"Gesch\u00e4tzte Lesezeit\" \/>\n\t<meta name=\"twitter:data1\" content=\"2\u00a0Minuten\" \/>\n<script type=\"application\/ld+json\" class=\"yoast-schema-graph\">{\"@context\":\"https:\/\/schema.org\",\"@graph\":[{\"@type\":\"WebPage\",\"@id\":\"https:\/\/www.hof-rehring.de\/wordpress\/umbau\/\",\"url\":\"https:\/\/www.hof-rehring.de\/wordpress\/umbau\/\",\"name\":\"Leben im Bauernhaus - Mieten Sie Ihr eigenes Bauernhaus im Hof Rehring\",\"isPartOf\":{\"@id\":\"https:\/\/www.hof-rehring.de\/wordpress\/#website\"},\"datePublished\":\"2013-08-22T15:32:48+00:00\",\"dateModified\":\"2021-04-05T19:12:32+00:00\",\"description\":\"Wohnen und Leben Sie im Bauernhaus. Die Ausstattung der Wohn- und Sanit\u00e4rr\u00e4ume im Bauernhaus ist hochwertig und sorgt f\u00fcr eine gehobene Wohnqualit\u00e4t.\",\"breadcrumb\":{\"@id\":\"https:\/\/www.hof-rehring.de\/wordpress\/umbau\/#breadcrumb\"},\"inLanguage\":\"de\",\"potentialAction\":[{\"@type\":\"ReadAction\",\"target\":[\"https:\/\/www.hof-rehring.de\/wordpress\/umbau\/\"]}]},{\"@type\":\"BreadcrumbList\",\"@id\":\"https:\/\/www.hof-rehring.de\/wordpress\/umbau\/#breadcrumb\",\"itemListElement\":[{\"@type\":\"ListItem\",\"position\":1,\"name\":\"Home\",\"item\":\"https:\/\/www.hof-rehring.de\/wordpress\/\"},{\"@type\":\"ListItem\",\"position\":2,\"name\":\"Der Umbau\"}]},{\"@type\":\"WebSite\",\"@id\":\"https:\/\/www.hof-rehring.de\/wordpress\/#website\",\"url\":\"https:\/\/www.hof-rehring.de\/wordpress\/\",\"name\":\"Hof Rehring\",\"description\":\"L\u00e4ndliches Wohnen in bester Lage\",\"potentialAction\":[{\"@type\":\"SearchAction\",\"target\":{\"@type\":\"EntryPoint\",\"urlTemplate\":\"https:\/\/www.hof-rehring.de\/wordpress\/?s={search_term_string}\"},\"query-input\":\"required name=search_term_string\"}],\"inLanguage\":\"de\"}]}<\/script>\n<!-- \/ Yoast SEO plugin. -->","yoast_head_json":{"title":"Leben im Bauernhaus - Mieten Sie Ihr eigenes Bauernhaus im Hof Rehring","description":"Wohnen und Leben Sie im Bauernhaus. Die Ausstattung der Wohn- und Sanit\u00e4rr\u00e4ume im Bauernhaus ist hochwertig und sorgt f\u00fcr eine gehobene Wohnqualit\u00e4t.","robots":{"index":"index","follow":"follow","max-snippet":"max-snippet:-1","max-image-preview":"max-image-preview:large","max-video-preview":"max-video-preview:-1"},"canonical":"https:\/\/www.hof-rehring.de\/wordpress\/umbau\/","og_locale":"de_DE","og_type":"article","og_title":"Leben im Bauernhaus - Mieten Sie Ihr eigenes Bauernhaus im Hof Rehring","og_description":"Wohnen und Leben Sie im Bauernhaus. Die Ausstattung der Wohn- und Sanit\u00e4rr\u00e4ume im Bauernhaus ist hochwertig und sorgt f\u00fcr eine gehobene Wohnqualit\u00e4t.","og_url":"https:\/\/www.hof-rehring.de\/wordpress\/umbau\/","og_site_name":"Hof Rehring","article_modified_time":"2021-04-05T19:12:32+00:00","twitter_misc":{"Gesch\u00e4tzte Lesezeit":"2\u00a0Minuten"},"schema":{"@context":"https:\/\/schema.org","@graph":[{"@type":"WebPage","@id":"https:\/\/www.hof-rehring.de\/wordpress\/umbau\/","url":"https:\/\/www.hof-rehring.de\/wordpress\/umbau\/","name":"Leben im Bauernhaus - Mieten Sie Ihr eigenes Bauernhaus im Hof Rehring","isPartOf":{"@id":"https:\/\/www.hof-rehring.de\/wordpress\/#website"},"datePublished":"2013-08-22T15:32:48+00:00","dateModified":"2021-04-05T19:12:32+00:00","description":"Wohnen und Leben Sie im Bauernhaus. Die Ausstattung der Wohn- und Sanit\u00e4rr\u00e4ume im Bauernhaus ist hochwertig und sorgt f\u00fcr eine gehobene Wohnqualit\u00e4t.","breadcrumb":{"@id":"https:\/\/www.hof-rehring.de\/wordpress\/umbau\/#breadcrumb"},"inLanguage":"de","potentialAction":[{"@type":"ReadAction","target":["https:\/\/www.hof-rehring.de\/wordpress\/umbau\/"]}]},{"@type":"BreadcrumbList","@id":"https:\/\/www.hof-rehring.de\/wordpress\/umbau\/#breadcrumb","itemListElement":[{"@type":"ListItem","position":1,"name":"Home","item":"https:\/\/www.hof-rehring.de\/wordpress\/"},{"@type":"ListItem","position":2,"name":"Der Umbau"}]},{"@type":"WebSite","@id":"https:\/\/www.hof-rehring.de\/wordpress\/#website","url":"https:\/\/www.hof-rehring.de\/wordpress\/","name":"Hof Rehring","description":"L\u00e4ndliches Wohnen in bester Lage","potentialAction":[{"@type":"SearchAction","target":{"@type":"EntryPoint","urlTemplate":"https:\/\/www.hof-rehring.de\/wordpress\/?s={search_term_string}"},"query-input":"required name=search_term_string"}],"inLanguage":"de"}]}},"_links":{"self":[{"href":"https:\/\/www.hof-rehring.de\/wordpress\/wp-json\/wp\/v2\/pages\/64","targetHints":{"allow":["GET"]}}],"collection":[{"href":"https:\/\/www.hof-rehring.de\/wordpress\/wp-json\/wp\/v2\/pages"}],"about":[{"href":"https:\/\/www.hof-rehring.de\/wordpress\/wp-json\/wp\/v2\/types\/page"}],"author":[{"embeddable":true,"href":"https:\/\/www.hof-rehring.de\/wordpress\/wp-json\/wp\/v2\/users\/1"}],"replies":[{"embeddable":true,"href":"https:\/\/www.hof-rehring.de\/wordpress\/wp-json\/wp\/v2\/comments?post=64"}],"version-history":[{"count":92,"href":"https:\/\/www.hof-rehring.de\/wordpress\/wp-json\/wp\/v2\/pages\/64\/revisions"}],"predecessor-version":[{"id":611,"href":"https:\/\/www.hof-rehring.de\/wordpress\/wp-json\/wp\/v2\/pages\/64\/revisions\/611"}],"wp:attachment":[{"href":"https:\/\/www.hof-rehring.de\/wordpress\/wp-json\/wp\/v2\/media?parent=64"}],"curies":[{"name":"wp","href":"https:\/\/api.w.org\/{rel}","templated":true}]}}