{"id":62,"date":"2013-08-22T15:32:33","date_gmt":"2013-08-22T15:32:33","guid":{"rendered":"http:\/\/www.hof-rehring.de\/wordpress\/?page_id=62"},"modified":"2022-01-04T15:55:45","modified_gmt":"2022-01-04T15:55:45","slug":"hofanlage-2","status":"publish","type":"page","link":"https:\/\/www.hof-rehring.de\/wordpress\/hofanlage-2\/","title":{"rendered":"Die Hofanlage"},"content":{"rendered":"<div style=\"text-align: justify;\">\n<p>Idyllisch gelegen, inmitten von <strong>Feldern und W\u00e4ldern<\/strong>, erstreckt sich das Areal des aus<strong> Bruchstein gemauerten Bauernhofs<\/strong>. Dieser wurde 1893 erbaut und ist seit Generationen in Familienbesitz. Die Hofanlage l\u00e4dt mit drei <strong>gro\u00dfz\u00fcgig gestalteten Wohneinheiten<\/strong> zum Wohnen und Verweilen ein.<\/p>\n<\/div>\n<div style=\"text-align: justify;\">Zu dem <strong>Bauernhof<\/strong> geh\u00f6ren:<\/p>\n<ul>\n<li>das historische Haupthaus (1893), mit angrenzendem modernem Wohnen auf der ehemaligen Tenne (2013),<\/li>\n<li>zu Wohnzwecken 2014 neu umgebaute Stallgeb\u00e4ude mit zwei gro\u00dfz\u00fcgig gestalteten Landhauswohnungen,<\/li>\n<li>eine alte Lagerscheune als gewerblich genutztes B\u00fcrogeb\u00e4ude und<\/li>\n<li>ein 2005 im m\u00fcnsterl\u00e4ndischen Stil erbautes Altenteil.<\/li>\n<li>Au\u00dferdem gibt es auf der Hofanlage noch drei weitere Scheunen, die unterschiedlich genutzt werden.<\/li>\n<\/ul>\n<p>Eine Nutztierhaltung wird seit dem Jahr 2008 nicht mehr betrieben. Das Au\u00dfengel\u00e4nde des Bauernhofs ist gepr\u00e4gt von <strong>weitl\u00e4ufigen Gr\u00fcnfl\u00e4chen<\/strong> und viel Platz. Eine alte Teichanlage tr\u00e4gt zum <strong>l\u00e4ndlichen Ambiente<\/strong> bei. Der Bauernhof ist \u00fcber zwei Zufahrten erreichbar, die jeweils von einer sch\u00f6nen Allee ges\u00e4umt sind.<\/p>\n<\/div>\n\r\n\t<div class=\"slideshow_container slideshow_container_style-light\" style=\"height: 200px; \" data-slideshow-id=\"127\" data-style-name=\"style-light\" data-style-version=\"2.3.1\" >\r\n\r\n\t\t\r\n\t\t<div class=\"slideshow_content\" style=\"display: none;\">\r\n\r\n\t\t\t<div class=\"slideshow_view\">\r\n\t\t\t\t<div class=\"slideshow_slide slideshow_slide_image\">\r\n\t\t\t\t\t\t\t\t\t\t\t<img src=\"https:\/\/www.hof-rehring.de\/wordpress\/wp-content\/uploads\/2021\/01\/IMG_2632-scaled.jpeg\" alt=\"IMG_2632\" width=\"2560\" height=\"1920\" \/>\r\n\t\t\t\t\t\t\t\t\t\t<div class=\"slideshow_description_box slideshow_transparent\">\r\n\t\t\t\t\t\t<div class=\"slideshow_title\">IMG_2632<\/div>\t\t\t\t\t\t\t\t\t\t\t<\/div>\r\n\t\t\t\t<\/div>\r\n\r\n\t\t\t\t\t\t\r\n\t\t\t\t<div class=\"slideshow_slide slideshow_slide_image\">\r\n\t\t\t\t\t\t\t\t\t\t\t<img src=\"https:\/\/www.hof-rehring.de\/wordpress\/wp-content\/uploads\/2021\/01\/IMG_2802.jpeg\" alt=\"IMG_2802\" width=\"2048\" height=\"1536\" \/>\r\n\t\t\t\t\t\t\t\t\t\t<div class=\"slideshow_description_box slideshow_transparent\">\r\n\t\t\t\t\t\t<div class=\"slideshow_title\">IMG_2802<\/div>\t\t\t\t\t\t\t\t\t\t\t<\/div>\r\n\t\t\t\t<\/div>\r\n\r\n\t\t\t\t\t\t\r\n\t\t\t\t<div class=\"slideshow_slide slideshow_slide_image\">\r\n\t\t\t\t\t<a href=\"http:\/\/www.hof-rehring.de\/wordpress\/wp-content\/uploads\/2015\/11\/Hof-Rehring-43-von-62.jpg\" target=\"_blank\" >\t\t\t\t\t\t<img src=\"https:\/\/www.hof-rehring.de\/wordpress\/wp-content\/uploads\/2015\/11\/Hof-Rehring-43-von-62.jpg\" alt=\"Hof Rehring (43 von 62)\" width=\"3119\" height=\"2338\" \/>\r\n\t\t\t\t\t<\/a>\t\t\t\t\t<div class=\"slideshow_description_box slideshow_transparent\">\r\n\t\t\t\t\t\t<div class=\"slideshow_title\"><a href=\"http:\/\/www.hof-rehring.de\/wordpress\/wp-content\/uploads\/2015\/11\/Hof-Rehring-43-von-62.jpg\" target=\"_blank\" >Hof Rehring (43 von 62)<\/a><\/div>\t\t\t\t\t\t\t\t\t\t\t<\/div>\r\n\t\t\t\t<\/div>\r\n\r\n\t\t\t\t\t\t\r\n\t\t\t\t<div class=\"slideshow_slide slideshow_slide_image\">\r\n\t\t\t\t\t<a href=\"http:\/\/www.hof-rehring.de\/wordpress\/wp-content\/uploads\/2015\/11\/Hof-Rehring-5-von-62_small.jpg\" target=\"_blank\" >\t\t\t\t\t\t<img src=\"https:\/\/www.hof-rehring.de\/wordpress\/wp-content\/uploads\/2015\/11\/Hof-Rehring-5-von-62_small.jpg\" alt=\"Hof Rehring (5 von 62)_small\" width=\"3186\" height=\"2388\" \/>\r\n\t\t\t\t\t<\/a>\t\t\t\t\t<div class=\"slideshow_description_box slideshow_transparent\">\r\n\t\t\t\t\t\t<div class=\"slideshow_title\"><a href=\"http:\/\/www.hof-rehring.de\/wordpress\/wp-content\/uploads\/2015\/11\/Hof-Rehring-5-von-62_small.jpg\" target=\"_blank\" >Hof Rehring (5 von 62)_small<\/a><\/div>\t\t\t\t\t\t\t\t\t\t\t<\/div>\r\n\t\t\t\t<\/div>\r\n\r\n\t\t\t\t\t\t<div style=\"clear: both;\"><\/div><\/div><div class=\"slideshow_view\">\r\n\t\t\t\t<div class=\"slideshow_slide slideshow_slide_image\">\r\n\t\t\t\t\t<a href=\"http:\/\/www.hof-rehring.de\/wordpress\/wp-content\/uploads\/2018\/01\/2017-Haus-Aussenansicht-1.jpg\" target=\"_blank\" >\t\t\t\t\t\t<img src=\"https:\/\/www.hof-rehring.de\/wordpress\/wp-content\/uploads\/2018\/01\/2017-Haus-Aussenansicht-1.jpg\" alt=\"2017 Haus Aussenansicht 1\" width=\"1024\" height=\"682\" \/>\r\n\t\t\t\t\t<\/a>\t\t\t\t\t<div class=\"slideshow_description_box slideshow_transparent\">\r\n\t\t\t\t\t\t<div class=\"slideshow_title\"><a href=\"http:\/\/www.hof-rehring.de\/wordpress\/wp-content\/uploads\/2018\/01\/2017-Haus-Aussenansicht-1.jpg\" target=\"_blank\" >2017 Haus Aussenansicht 1<\/a><\/div>\t\t\t\t\t\t\t\t\t\t\t<\/div>\r\n\t\t\t\t<\/div>\r\n\r\n\t\t\t\t\t\t\r\n\t\t\t\t<div class=\"slideshow_slide slideshow_slide_image\">\r\n\t\t\t\t\t<a href=\"http:\/\/www.hof-rehring.de\/wordpress\/wp-content\/uploads\/2018\/01\/2017-Haus-Aussenansicht-2.jpg\" target=\"_blank\" >\t\t\t\t\t\t<img src=\"https:\/\/www.hof-rehring.de\/wordpress\/wp-content\/uploads\/2018\/01\/2017-Haus-Aussenansicht-2.jpg\" alt=\"2017 Haus Aussenansicht 2\" width=\"1024\" height=\"682\" \/>\r\n\t\t\t\t\t<\/a>\t\t\t\t\t<div class=\"slideshow_description_box slideshow_transparent\">\r\n\t\t\t\t\t\t<div class=\"slideshow_title\"><a href=\"http:\/\/www.hof-rehring.de\/wordpress\/wp-content\/uploads\/2018\/01\/2017-Haus-Aussenansicht-2.jpg\" target=\"_blank\" >2017 Haus Aussenansicht 2<\/a><\/div>\t\t\t\t\t\t\t\t\t\t\t<\/div>\r\n\t\t\t\t<\/div>\r\n\r\n\t\t\t\t\t\t\r\n\t\t\t\t<div class=\"slideshow_slide slideshow_slide_image\">\r\n\t\t\t\t\t<a href=\"http:\/\/www.hof-rehring.de\/wordpress\/wp-content\/uploads\/2018\/01\/2017-Haus-Aussenansicht-3.jpg\" target=\"_blank\" >\t\t\t\t\t\t<img src=\"https:\/\/www.hof-rehring.de\/wordpress\/wp-content\/uploads\/2018\/01\/2017-Haus-Aussenansicht-3.jpg\" alt=\"2017 Haus Aussenansicht 3\" width=\"1024\" height=\"682\" \/>\r\n\t\t\t\t\t<\/a>\t\t\t\t\t<div class=\"slideshow_description_box slideshow_transparent\">\r\n\t\t\t\t\t\t<div class=\"slideshow_title\"><a href=\"http:\/\/www.hof-rehring.de\/wordpress\/wp-content\/uploads\/2018\/01\/2017-Haus-Aussenansicht-3.jpg\" target=\"_blank\" >2017 Haus Aussenansicht 3<\/a><\/div>\t\t\t\t\t\t\t\t\t\t\t<\/div>\r\n\t\t\t\t<\/div>\r\n\r\n\t\t\t\t\t\t\r\n\t\t\t\t<div class=\"slideshow_slide slideshow_slide_image\">\r\n\t\t\t\t\t<a href=\"http:\/\/www.hof-rehring.de\/wordpress\/wp-content\/uploads\/2018\/01\/2017-Haus-Aussenansicht-5.jpg\" target=\"_blank\" >\t\t\t\t\t\t<img src=\"https:\/\/www.hof-rehring.de\/wordpress\/wp-content\/uploads\/2018\/01\/2017-Haus-Aussenansicht-5.jpg\" alt=\"2017 Haus Aussenansicht 5\" width=\"1024\" height=\"682\" \/>\r\n\t\t\t\t\t<\/a>\t\t\t\t\t<div class=\"slideshow_description_box slideshow_transparent\">\r\n\t\t\t\t\t\t<div class=\"slideshow_title\"><a href=\"http:\/\/www.hof-rehring.de\/wordpress\/wp-content\/uploads\/2018\/01\/2017-Haus-Aussenansicht-5.jpg\" target=\"_blank\" >2017 Haus Aussenansicht 5<\/a><\/div>\t\t\t\t\t\t\t\t\t\t\t<\/div>\r\n\t\t\t\t<\/div>\r\n\r\n\t\t\t\t\t\t<div style=\"clear: both;\"><\/div><\/div><div class=\"slideshow_view\">\r\n\t\t\t\t<div class=\"slideshow_slide slideshow_slide_image\">\r\n\t\t\t\t\t<a href=\"http:\/\/www.hof-rehring.de\/wordpress\/wp-content\/uploads\/2013\/08\/CIMG0377.jpg\" target=\"_blank\" >\t\t\t\t\t\t<img src=\"https:\/\/www.hof-rehring.de\/wordpress\/wp-content\/uploads\/2013\/08\/CIMG0377.jpg\" alt=\"CIMG0377\" width=\"1200\" height=\"900\" \/>\r\n\t\t\t\t\t<\/a>\t\t\t\t\t<div class=\"slideshow_description_box slideshow_transparent\">\r\n\t\t\t\t\t\t<div class=\"slideshow_title\"><a href=\"http:\/\/www.hof-rehring.de\/wordpress\/wp-content\/uploads\/2013\/08\/CIMG0377.jpg\" target=\"_blank\" >CIMG0377<\/a><\/div>\t\t\t\t\t\t\t\t\t\t\t<\/div>\r\n\t\t\t\t<\/div>\r\n\r\n\t\t\t\t\t\t\r\n\t\t\t\t<div class=\"slideshow_slide slideshow_slide_image\">\r\n\t\t\t\t\t<a href=\"http:\/\/www.hof-rehring.de\/wordpress\/wp-content\/uploads\/2013\/08\/CIMG0449.jpg\" target=\"_blank\" >\t\t\t\t\t\t<img src=\"https:\/\/www.hof-rehring.de\/wordpress\/wp-content\/uploads\/2013\/08\/CIMG0449.jpg\" alt=\"CIMG0449\" width=\"1200\" height=\"900\" \/>\r\n\t\t\t\t\t<\/a>\t\t\t\t\t<div class=\"slideshow_description_box slideshow_transparent\">\r\n\t\t\t\t\t\t<div class=\"slideshow_title\"><a href=\"http:\/\/www.hof-rehring.de\/wordpress\/wp-content\/uploads\/2013\/08\/CIMG0449.jpg\" target=\"_blank\" >CIMG0449<\/a><\/div>\t\t\t\t\t\t\t\t\t\t\t<\/div>\r\n\t\t\t\t<\/div>\r\n\r\n\t\t\t\t\t\t\r\n\t\t\t\t<div class=\"slideshow_slide slideshow_slide_image\">\r\n\t\t\t\t\t<a href=\"http:\/\/www.hof-rehring.de\/wordpress\/wp-content\/uploads\/2013\/08\/P61008531.jpg\" target=\"_blank\" >\t\t\t\t\t\t<img src=\"https:\/\/www.hof-rehring.de\/wordpress\/wp-content\/uploads\/2013\/08\/P61008531.jpg\" alt=\"P6100853\" width=\"1200\" height=\"900\" \/>\r\n\t\t\t\t\t<\/a>\t\t\t\t\t<div class=\"slideshow_description_box slideshow_transparent\">\r\n\t\t\t\t\t\t<div class=\"slideshow_title\"><a href=\"http:\/\/www.hof-rehring.de\/wordpress\/wp-content\/uploads\/2013\/08\/P61008531.jpg\" target=\"_blank\" >P6100853<\/a><\/div>\t\t\t\t\t\t\t\t\t\t\t<\/div>\r\n\t\t\t\t<\/div>\r\n\r\n\t\t\t\t\t\t\r\n\t\t\t\t<div class=\"slideshow_slide slideshow_slide_image\">\r\n\t\t\t\t\t<a href=\"http:\/\/www.hof-rehring.de\/wordpress\/wp-content\/uploads\/2013\/08\/0055-1024x680.jpg\" target=\"_blank\" >\t\t\t\t\t\t<img src=\"https:\/\/www.hof-rehring.de\/wordpress\/wp-content\/uploads\/2013\/08\/0055.jpg\" alt=\"0055\" width=\"1200\" height=\"798\" \/>\r\n\t\t\t\t\t<\/a>\t\t\t\t\t<div class=\"slideshow_description_box slideshow_transparent\">\r\n\t\t\t\t\t\t<div class=\"slideshow_title\"><a href=\"http:\/\/www.hof-rehring.de\/wordpress\/wp-content\/uploads\/2013\/08\/0055-1024x680.jpg\" target=\"_blank\" >0055<\/a><\/div>\t\t\t\t\t\t\t\t\t\t\t<\/div>\r\n\t\t\t\t<\/div>\r\n\r\n\t\t\t\t\t\t<div style=\"clear: both;\"><\/div><\/div>\r\n\t\t<\/div>\r\n\r\n\t\t<div class=\"slideshow_controlPanel slideshow_transparent\" style=\"display: none;\"><ul><li class=\"slideshow_togglePlay\" data-play-text=\"Abspielen\" data-pause-text=\"Pause\"><\/li><\/ul><\/div>\r\n\r\n\t\t<div class=\"slideshow_button slideshow_previous slideshow_transparent\" role=\"button\" data-previous-text=\"Zur\u00fcck\" style=\"display: none;\"><\/div>\r\n\t\t<div class=\"slideshow_button slideshow_next slideshow_transparent\" role=\"button\" data-next-text=\"N\u00e4chstes\" style=\"display: none;\"><\/div>\r\n\r\n\t\t<div class=\"slideshow_pagination\" style=\"display: none;\" data-go-to-text=\"Gehe zum Bild\"><div class=\"slideshow_pagination_center\"><\/div><\/div>\r\n\r\n\t\t<!-- WordPress Slideshow Version 2.3.1 -->\r\n\r\n\t\t\t<\/div>\r\n\r\n\n","protected":false},"excerpt":{"rendered":"<p>Idyllisch gelegen, inmitten von Feldern und W\u00e4ldern, erstreckt sich das Areal des aus Bruchstein gemauerten Bauernhofs. Dieser wurde 1893 erbaut und ist seit Generationen in Familienbesitz. Die Hofanlage l\u00e4dt mit drei gro\u00dfz\u00fcgig gestalteten Wohneinheiten zum Wohnen und Verweilen ein. Zu dem Bauernhof geh\u00f6ren: das historische Haupthaus (1893), mit angrenzendem modernem Wohnen auf der ehemaligen Tenne [&hellip;]<\/p>\n","protected":false},"author":1,"featured_media":0,"parent":0,"menu_order":2,"comment_status":"closed","ping_status":"closed","template":"","meta":{"footnotes":""},"class_list":["post-62","page","type-page","status-publish","hentry"],"yoast_head":"<!-- This site is optimized with the Yoast SEO plugin v19.8 - https:\/\/yoast.com\/wordpress\/plugins\/seo\/ -->\n<title>Wohnen im Bauernhaus - Die Hofanlage im Hof Rehring<\/title>\n<meta name=\"description\" content=\"Erf\u00fcllen Sie sich Ihren Traum vom Wohnen im Bauernhaus. Die Hofanlage l\u00e4dt zum Wohnen und Verweilen ein. Zu dem Bauernhof geh\u00f6ren das historische Wohnhaus, ein - zu Wohnzwecken - neu umgebautes Stallgeb\u00e4ude sowie ein im Jahr 2005 gebautes Altenteil\" \/>\n<meta name=\"robots\" content=\"index, follow, max-snippet:-1, max-image-preview:large, max-video-preview:-1\" \/>\n<link rel=\"canonical\" href=\"https:\/\/www.hof-rehring.de\/wordpress\/hofanlage-2\/\" \/>\n<meta property=\"og:locale\" content=\"de_DE\" \/>\n<meta property=\"og:type\" content=\"article\" \/>\n<meta property=\"og:title\" content=\"Wohnen im Bauernhaus - Die Hofanlage im Hof Rehring\" \/>\n<meta property=\"og:description\" content=\"Erf\u00fcllen Sie sich Ihren Traum vom Wohnen im Bauernhaus. Die Hofanlage l\u00e4dt zum Wohnen und Verweilen ein. Zu dem Bauernhof geh\u00f6ren das historische Wohnhaus, ein - zu Wohnzwecken - neu umgebautes Stallgeb\u00e4ude sowie ein im Jahr 2005 gebautes Altenteil\" \/>\n<meta property=\"og:url\" content=\"https:\/\/www.hof-rehring.de\/wordpress\/hofanlage-2\/\" \/>\n<meta property=\"og:site_name\" content=\"Hof Rehring\" \/>\n<meta property=\"article:modified_time\" content=\"2022-01-04T15:55:45+00:00\" \/>\n<meta name=\"twitter:label1\" content=\"Gesch\u00e4tzte Lesezeit\" \/>\n\t<meta name=\"twitter:data1\" content=\"1\u00a0Minute\" \/>\n<script type=\"application\/ld+json\" class=\"yoast-schema-graph\">{\"@context\":\"https:\/\/schema.org\",\"@graph\":[{\"@type\":\"WebPage\",\"@id\":\"https:\/\/www.hof-rehring.de\/wordpress\/hofanlage-2\/\",\"url\":\"https:\/\/www.hof-rehring.de\/wordpress\/hofanlage-2\/\",\"name\":\"Wohnen im Bauernhaus - Die Hofanlage im Hof Rehring\",\"isPartOf\":{\"@id\":\"https:\/\/www.hof-rehring.de\/wordpress\/#website\"},\"datePublished\":\"2013-08-22T15:32:33+00:00\",\"dateModified\":\"2022-01-04T15:55:45+00:00\",\"description\":\"Erf\u00fcllen Sie sich Ihren Traum vom Wohnen im Bauernhaus. Die Hofanlage l\u00e4dt zum Wohnen und Verweilen ein. Zu dem Bauernhof geh\u00f6ren das historische Wohnhaus, ein - zu Wohnzwecken - neu umgebautes Stallgeb\u00e4ude sowie ein im Jahr 2005 gebautes Altenteil\",\"breadcrumb\":{\"@id\":\"https:\/\/www.hof-rehring.de\/wordpress\/hofanlage-2\/#breadcrumb\"},\"inLanguage\":\"de\",\"potentialAction\":[{\"@type\":\"ReadAction\",\"target\":[\"https:\/\/www.hof-rehring.de\/wordpress\/hofanlage-2\/\"]}]},{\"@type\":\"BreadcrumbList\",\"@id\":\"https:\/\/www.hof-rehring.de\/wordpress\/hofanlage-2\/#breadcrumb\",\"itemListElement\":[{\"@type\":\"ListItem\",\"position\":1,\"name\":\"Home\",\"item\":\"https:\/\/www.hof-rehring.de\/wordpress\/\"},{\"@type\":\"ListItem\",\"position\":2,\"name\":\"Die Hofanlage\"}]},{\"@type\":\"WebSite\",\"@id\":\"https:\/\/www.hof-rehring.de\/wordpress\/#website\",\"url\":\"https:\/\/www.hof-rehring.de\/wordpress\/\",\"name\":\"Hof Rehring\",\"description\":\"L\u00e4ndliches Wohnen in bester Lage\",\"potentialAction\":[{\"@type\":\"SearchAction\",\"target\":{\"@type\":\"EntryPoint\",\"urlTemplate\":\"https:\/\/www.hof-rehring.de\/wordpress\/?s={search_term_string}\"},\"query-input\":\"required name=search_term_string\"}],\"inLanguage\":\"de\"}]}<\/script>\n<!-- \/ Yoast SEO plugin. -->","yoast_head_json":{"title":"Wohnen im Bauernhaus - Die Hofanlage im Hof Rehring","description":"Erf\u00fcllen Sie sich Ihren Traum vom Wohnen im Bauernhaus. Die Hofanlage l\u00e4dt zum Wohnen und Verweilen ein. Zu dem Bauernhof geh\u00f6ren das historische Wohnhaus, ein - zu Wohnzwecken - neu umgebautes Stallgeb\u00e4ude sowie ein im Jahr 2005 gebautes Altenteil","robots":{"index":"index","follow":"follow","max-snippet":"max-snippet:-1","max-image-preview":"max-image-preview:large","max-video-preview":"max-video-preview:-1"},"canonical":"https:\/\/www.hof-rehring.de\/wordpress\/hofanlage-2\/","og_locale":"de_DE","og_type":"article","og_title":"Wohnen im Bauernhaus - Die Hofanlage im Hof Rehring","og_description":"Erf\u00fcllen Sie sich Ihren Traum vom Wohnen im Bauernhaus. Die Hofanlage l\u00e4dt zum Wohnen und Verweilen ein. Zu dem Bauernhof geh\u00f6ren das historische Wohnhaus, ein - zu Wohnzwecken - neu umgebautes Stallgeb\u00e4ude sowie ein im Jahr 2005 gebautes Altenteil","og_url":"https:\/\/www.hof-rehring.de\/wordpress\/hofanlage-2\/","og_site_name":"Hof Rehring","article_modified_time":"2022-01-04T15:55:45+00:00","twitter_misc":{"Gesch\u00e4tzte Lesezeit":"1\u00a0Minute"},"schema":{"@context":"https:\/\/schema.org","@graph":[{"@type":"WebPage","@id":"https:\/\/www.hof-rehring.de\/wordpress\/hofanlage-2\/","url":"https:\/\/www.hof-rehring.de\/wordpress\/hofanlage-2\/","name":"Wohnen im Bauernhaus - Die Hofanlage im Hof Rehring","isPartOf":{"@id":"https:\/\/www.hof-rehring.de\/wordpress\/#website"},"datePublished":"2013-08-22T15:32:33+00:00","dateModified":"2022-01-04T15:55:45+00:00","description":"Erf\u00fcllen Sie sich Ihren Traum vom Wohnen im Bauernhaus. Die Hofanlage l\u00e4dt zum Wohnen und Verweilen ein. Zu dem Bauernhof geh\u00f6ren das historische Wohnhaus, ein - zu Wohnzwecken - neu umgebautes Stallgeb\u00e4ude sowie ein im Jahr 2005 gebautes Altenteil","breadcrumb":{"@id":"https:\/\/www.hof-rehring.de\/wordpress\/hofanlage-2\/#breadcrumb"},"inLanguage":"de","potentialAction":[{"@type":"ReadAction","target":["https:\/\/www.hof-rehring.de\/wordpress\/hofanlage-2\/"]}]},{"@type":"BreadcrumbList","@id":"https:\/\/www.hof-rehring.de\/wordpress\/hofanlage-2\/#breadcrumb","itemListElement":[{"@type":"ListItem","position":1,"name":"Home","item":"https:\/\/www.hof-rehring.de\/wordpress\/"},{"@type":"ListItem","position":2,"name":"Die Hofanlage"}]},{"@type":"WebSite","@id":"https:\/\/www.hof-rehring.de\/wordpress\/#website","url":"https:\/\/www.hof-rehring.de\/wordpress\/","name":"Hof Rehring","description":"L\u00e4ndliches Wohnen in bester Lage","potentialAction":[{"@type":"SearchAction","target":{"@type":"EntryPoint","urlTemplate":"https:\/\/www.hof-rehring.de\/wordpress\/?s={search_term_string}"},"query-input":"required name=search_term_string"}],"inLanguage":"de"}]}},"_links":{"self":[{"href":"https:\/\/www.hof-rehring.de\/wordpress\/wp-json\/wp\/v2\/pages\/62","targetHints":{"allow":["GET"]}}],"collection":[{"href":"https:\/\/www.hof-rehring.de\/wordpress\/wp-json\/wp\/v2\/pages"}],"about":[{"href":"https:\/\/www.hof-rehring.de\/wordpress\/wp-json\/wp\/v2\/types\/page"}],"author":[{"embeddable":true,"href":"https:\/\/www.hof-rehring.de\/wordpress\/wp-json\/wp\/v2\/users\/1"}],"replies":[{"embeddable":true,"href":"https:\/\/www.hof-rehring.de\/wordpress\/wp-json\/wp\/v2\/comments?post=62"}],"version-history":[{"count":25,"href":"https:\/\/www.hof-rehring.de\/wordpress\/wp-json\/wp\/v2\/pages\/62\/revisions"}],"predecessor-version":[{"id":621,"href":"https:\/\/www.hof-rehring.de\/wordpress\/wp-json\/wp\/v2\/pages\/62\/revisions\/621"}],"wp:attachment":[{"href":"https:\/\/www.hof-rehring.de\/wordpress\/wp-json\/wp\/v2\/media?parent=62"}],"curies":[{"name":"wp","href":"https:\/\/api.w.org\/{rel}","templated":true}]}}