{"id":17,"date":"2013-08-22T11:18:02","date_gmt":"2013-08-22T11:18:02","guid":{"rendered":"http:\/\/www.hof-rehring.de\/wordpress\/?page_id=17"},"modified":"2022-01-04T15:52:52","modified_gmt":"2022-01-04T15:52:52","slug":"bauernhausmieten","status":"publish","type":"page","link":"https:\/\/www.hof-rehring.de\/wordpress\/","title":{"rendered":"Das Bauernhaus"},"content":{"rendered":"<div style=\"text-align: justify;\">\n<h1><a href=\"http:\/\/www.hof-rehring.de\/wordpress\/wp-content\/uploads\/2013\/08\/home.jpg\" target=\"_blank\" rel=\"noopener noreferrer\"><img loading=\"lazy\" decoding=\"async\" class=\"alignleft wp-image-103\" src=\"http:\/\/www.hof-rehring.de\/wordpress\/wp-content\/uploads\/2013\/08\/home-300x225.jpg\" alt=\"home\" width=\"356\" height=\"267\" srcset=\"https:\/\/www.hof-rehring.de\/wordpress\/wp-content\/uploads\/2013\/08\/home-300x225.jpg 300w, https:\/\/www.hof-rehring.de\/wordpress\/wp-content\/uploads\/2013\/08\/home-1024x768.jpg 1024w, https:\/\/www.hof-rehring.de\/wordpress\/wp-content\/uploads\/2013\/08\/home-624x468.jpg 624w, https:\/\/www.hof-rehring.de\/wordpress\/wp-content\/uploads\/2013\/08\/home.jpg 1200w\" sizes=\"auto, (max-width: 356px) 100vw, 356px\" \/><\/a><\/h1>\n<p>Sie suchen nach einem <strong>wundersch\u00f6nen Bauernhaus<\/strong>, dass Ihnen viel Lebensqualit\u00e4t bietet? Mit einer traumhaften, idyllischen und ruhigen Lage im Gr\u00fcnen, bei der Sie trotzdem nicht auf eine hervorragende Stadtanbindung verzichten m\u00fcssen? Einzigartig? Ja!<\/p>\n<p>Die ehemaligen Stallungen unseres <strong>historischen Bauernhofs<\/strong> wurden liebevoll und detailgetreu zu zwei Bauernh\u00e4usern umgebaut. Der Charme der traditionellen Bauweise wurde mit <strong>moderner Architektur<\/strong> kombiniert, so dass ein \u00e4u\u00dferst <strong>hochwertiger Wohnkomfort<\/strong> m\u00f6glich wurde.<\/p>\n<p>Informieren Sie sich auf den nachfolgenden Seiten gerne n\u00e4her \u00fcber die <strong>neu gestaltete<\/strong> <strong>Hofanlage<\/strong>, die Umgebung sowie die stilvoll umgebauten ehemaligen Stallgeb\u00e4ude. Bei Interesse zum <strong>Mieten der Bauernh\u00e4user<\/strong> oder weiteren Fragen w\u00fcrden wir uns \u00fcber eine Kontaktaufnahme Ihrerseits sehr freuen.<\/p>\n<\/div>\n\n\n<p><\/p>\n","protected":false},"excerpt":{"rendered":"<p>Sie suchen nach einem wundersch\u00f6nen Bauernhaus, dass Ihnen viel Lebensqualit\u00e4t bietet? Mit einer traumhaften, idyllischen und ruhigen Lage im Gr\u00fcnen, bei der Sie trotzdem nicht auf eine hervorragende Stadtanbindung verzichten m\u00fcssen? Einzigartig? Ja! Die ehemaligen Stallungen unseres historischen Bauernhofs wurden liebevoll und detailgetreu zu zwei Bauernh\u00e4usern umgebaut. Der Charme der traditionellen Bauweise wurde mit moderner [&hellip;]<\/p>\n","protected":false},"author":1,"featured_media":0,"parent":0,"menu_order":0,"comment_status":"closed","ping_status":"closed","template":"","meta":{"footnotes":""},"class_list":["post-17","page","type-page","status-publish","hentry"],"yoast_head":"<!-- This site is optimized with the Yoast SEO plugin v19.8 - https:\/\/yoast.com\/wordpress\/plugins\/seo\/ -->\n<title>Leben im Bauernhaus - Hof Rehring<\/title>\n<meta name=\"description\" content=\"Wohnen im Bauernhaus. Die ehemaligen Stallungen unseres historischen Bauernhofs werden liebevoll und detailgetreu zu zwei Bauernh\u00e4usern umgebaut und k\u00f6nnen gebietet werden.\" \/>\n<meta name=\"robots\" content=\"index, follow, max-snippet:-1, max-image-preview:large, max-video-preview:-1\" \/>\n<link rel=\"canonical\" href=\"https:\/\/www.hof-rehring.de\/wordpress\/\" \/>\n<meta property=\"og:locale\" content=\"de_DE\" \/>\n<meta property=\"og:type\" content=\"article\" \/>\n<meta property=\"og:title\" content=\"Leben im Bauernhaus - Hof Rehring\" \/>\n<meta property=\"og:description\" content=\"Wohnen im Bauernhaus. Die ehemaligen Stallungen unseres historischen Bauernhofs werden liebevoll und detailgetreu zu zwei Bauernh\u00e4usern umgebaut und k\u00f6nnen gebietet werden.\" \/>\n<meta property=\"og:url\" content=\"https:\/\/www.hof-rehring.de\/wordpress\/\" \/>\n<meta property=\"og:site_name\" content=\"Hof Rehring\" \/>\n<meta property=\"article:modified_time\" content=\"2022-01-04T15:52:52+00:00\" \/>\n<meta property=\"og:image\" content=\"http:\/\/www.hof-rehring.de\/wordpress\/wp-content\/uploads\/2013\/08\/home-300x225.jpg\" \/>\n<meta name=\"twitter:label1\" content=\"Gesch\u00e4tzte Lesezeit\" \/>\n\t<meta name=\"twitter:data1\" content=\"1\u00a0Minute\" \/>\n<script type=\"application\/ld+json\" class=\"yoast-schema-graph\">{\"@context\":\"https:\/\/schema.org\",\"@graph\":[{\"@type\":\"WebPage\",\"@id\":\"https:\/\/www.hof-rehring.de\/wordpress\/\",\"url\":\"https:\/\/www.hof-rehring.de\/wordpress\/\",\"name\":\"Leben im Bauernhaus - Hof Rehring\",\"isPartOf\":{\"@id\":\"https:\/\/www.hof-rehring.de\/wordpress\/#website\"},\"datePublished\":\"2013-08-22T11:18:02+00:00\",\"dateModified\":\"2022-01-04T15:52:52+00:00\",\"description\":\"Wohnen im Bauernhaus. Die ehemaligen Stallungen unseres historischen Bauernhofs werden liebevoll und detailgetreu zu zwei Bauernh\u00e4usern umgebaut und k\u00f6nnen gebietet werden.\",\"breadcrumb\":{\"@id\":\"https:\/\/www.hof-rehring.de\/wordpress\/#breadcrumb\"},\"inLanguage\":\"de\",\"potentialAction\":[{\"@type\":\"ReadAction\",\"target\":[\"https:\/\/www.hof-rehring.de\/wordpress\/\"]}]},{\"@type\":\"BreadcrumbList\",\"@id\":\"https:\/\/www.hof-rehring.de\/wordpress\/#breadcrumb\",\"itemListElement\":[{\"@type\":\"ListItem\",\"position\":1,\"name\":\"Home\",\"item\":\"https:\/\/www.hof-rehring.de\/wordpress\/\"},{\"@type\":\"ListItem\",\"position\":2,\"name\":\"Das Bauernhaus\"}]},{\"@type\":\"WebSite\",\"@id\":\"https:\/\/www.hof-rehring.de\/wordpress\/#website\",\"url\":\"https:\/\/www.hof-rehring.de\/wordpress\/\",\"name\":\"Hof Rehring\",\"description\":\"L\u00e4ndliches Wohnen in bester Lage\",\"potentialAction\":[{\"@type\":\"SearchAction\",\"target\":{\"@type\":\"EntryPoint\",\"urlTemplate\":\"https:\/\/www.hof-rehring.de\/wordpress\/?s={search_term_string}\"},\"query-input\":\"required name=search_term_string\"}],\"inLanguage\":\"de\"}]}<\/script>\n<!-- \/ Yoast SEO plugin. -->","yoast_head_json":{"title":"Leben im Bauernhaus - Hof Rehring","description":"Wohnen im Bauernhaus. Die ehemaligen Stallungen unseres historischen Bauernhofs werden liebevoll und detailgetreu zu zwei Bauernh\u00e4usern umgebaut und k\u00f6nnen gebietet werden.","robots":{"index":"index","follow":"follow","max-snippet":"max-snippet:-1","max-image-preview":"max-image-preview:large","max-video-preview":"max-video-preview:-1"},"canonical":"https:\/\/www.hof-rehring.de\/wordpress\/","og_locale":"de_DE","og_type":"article","og_title":"Leben im Bauernhaus - Hof Rehring","og_description":"Wohnen im Bauernhaus. Die ehemaligen Stallungen unseres historischen Bauernhofs werden liebevoll und detailgetreu zu zwei Bauernh\u00e4usern umgebaut und k\u00f6nnen gebietet werden.","og_url":"https:\/\/www.hof-rehring.de\/wordpress\/","og_site_name":"Hof Rehring","article_modified_time":"2022-01-04T15:52:52+00:00","og_image":[{"url":"http:\/\/www.hof-rehring.de\/wordpress\/wp-content\/uploads\/2013\/08\/home-300x225.jpg"}],"twitter_misc":{"Gesch\u00e4tzte Lesezeit":"1\u00a0Minute"},"schema":{"@context":"https:\/\/schema.org","@graph":[{"@type":"WebPage","@id":"https:\/\/www.hof-rehring.de\/wordpress\/","url":"https:\/\/www.hof-rehring.de\/wordpress\/","name":"Leben im Bauernhaus - Hof Rehring","isPartOf":{"@id":"https:\/\/www.hof-rehring.de\/wordpress\/#website"},"datePublished":"2013-08-22T11:18:02+00:00","dateModified":"2022-01-04T15:52:52+00:00","description":"Wohnen im Bauernhaus. Die ehemaligen Stallungen unseres historischen Bauernhofs werden liebevoll und detailgetreu zu zwei Bauernh\u00e4usern umgebaut und k\u00f6nnen gebietet werden.","breadcrumb":{"@id":"https:\/\/www.hof-rehring.de\/wordpress\/#breadcrumb"},"inLanguage":"de","potentialAction":[{"@type":"ReadAction","target":["https:\/\/www.hof-rehring.de\/wordpress\/"]}]},{"@type":"BreadcrumbList","@id":"https:\/\/www.hof-rehring.de\/wordpress\/#breadcrumb","itemListElement":[{"@type":"ListItem","position":1,"name":"Home","item":"https:\/\/www.hof-rehring.de\/wordpress\/"},{"@type":"ListItem","position":2,"name":"Das Bauernhaus"}]},{"@type":"WebSite","@id":"https:\/\/www.hof-rehring.de\/wordpress\/#website","url":"https:\/\/www.hof-rehring.de\/wordpress\/","name":"Hof Rehring","description":"L\u00e4ndliches Wohnen in bester Lage","potentialAction":[{"@type":"SearchAction","target":{"@type":"EntryPoint","urlTemplate":"https:\/\/www.hof-rehring.de\/wordpress\/?s={search_term_string}"},"query-input":"required name=search_term_string"}],"inLanguage":"de"}]}},"_links":{"self":[{"href":"https:\/\/www.hof-rehring.de\/wordpress\/wp-json\/wp\/v2\/pages\/17","targetHints":{"allow":["GET"]}}],"collection":[{"href":"https:\/\/www.hof-rehring.de\/wordpress\/wp-json\/wp\/v2\/pages"}],"about":[{"href":"https:\/\/www.hof-rehring.de\/wordpress\/wp-json\/wp\/v2\/types\/page"}],"author":[{"embeddable":true,"href":"https:\/\/www.hof-rehring.de\/wordpress\/wp-json\/wp\/v2\/users\/1"}],"replies":[{"embeddable":true,"href":"https:\/\/www.hof-rehring.de\/wordpress\/wp-json\/wp\/v2\/comments?post=17"}],"version-history":[{"count":46,"href":"https:\/\/www.hof-rehring.de\/wordpress\/wp-json\/wp\/v2\/pages\/17\/revisions"}],"predecessor-version":[{"id":624,"href":"https:\/\/www.hof-rehring.de\/wordpress\/wp-json\/wp\/v2\/pages\/17\/revisions\/624"}],"wp:attachment":[{"href":"https:\/\/www.hof-rehring.de\/wordpress\/wp-json\/wp\/v2\/media?parent=17"}],"curies":[{"name":"wp","href":"https:\/\/api.w.org\/{rel}","templated":true}]}}